{"id":985,"date":"2019-10-14T21:59:20","date_gmt":"2019-10-14T19:59:20","guid":{"rendered":"https:\/\/www.elix-funboard.com\/?page_id=985"},"modified":"2021-10-16T16:11:13","modified_gmt":"2021-10-16T14:11:13","slug":"f1x","status":"publish","type":"page","link":"https:\/\/www.elix-funboard.com\/index.php\/f1x\/","title":{"rendered":"F1X"},"content":{"rendered":"<div id='av_section_1' class='avia-section main_color avia-section-no-padding avia-no-border-styling avia-bg-style-scroll  avia-builder-el-0  el_before_av_two_third  avia-builder-el-first    av-minimum-height av-minimum-height-custom  container_wrap fullsize' style='background-repeat: no-repeat; background-image: url(https:\/\/www.elix-funboard.com\/wp-content\/uploads\/2019\/10\/top-f1x-2.jpg);background-attachment: scroll; background-position: center center;  '  data-section-bg-repeat='no-repeat'><div class='container' style='height:300px'><main  role=\"main\" itemprop=\"mainContentOfPage\"  class='template-page content  av-content-full alpha units'><div class='post-entry post-entry-type-page post-entry-985'><div class='entry-content-wrapper clearfix'>\n<div class='avia-image-container avia_animated_image avia_animate_when_almost_visible pop-up av-styling-    avia-builder-el-1  avia-builder-el-no-sibling   avia-align-right '  itemprop=\"image\" itemscope=\"itemscope\" itemtype=\"https:\/\/schema.org\/ImageObject\"  ><div class='avia-image-container-inner'><div class='avia-image-overlay-wrap'><img class='avia_image' src='https:\/\/www.elix-funboard.com\/wp-content\/uploads\/2019\/10\/logo-f1x.png' alt='' title='' height=\"100\" width=\"255\"  itemprop=\"thumbnailUrl\"  \/><\/div><\/div><\/div>\n<\/div><\/div><\/main><!-- close content main element --><\/div><\/div><div id='after_section_1' class='main_color av_default_container_wrap container_wrap fullsize' style=' '  ><div class='container' ><div class='template-page content  av-content-full alpha units'><div class='post-entry post-entry-type-page post-entry-985'><div class='entry-content-wrapper clearfix'>\n<div class='flex_column_table av-equal-height-column-flextable -flextable' ><div class=\"flex_column av_two_third  flex_column_table_cell av-equal-height-column av-align-middle av-zero-column-padding first  avia-builder-el-2  el_after_av_section  el_before_av_one_third  avia-builder-el-first   \" style='border-radius:0px; '><section class=\"av_textblock_section \"  itemscope=\"itemscope\" itemtype=\"https:\/\/schema.org\/CreativeWork\" ><div class='avia_textblock  '   itemprop=\"text\" ><p style=\"text-align: center;\">Le r\u00e9sultat est incontestable : \u00ab Gr\u00e2ce \u00e0 sa construction et son shape novateur les F1X optimise le moindre souffle d\u2019air permettant de s\u2019\u00e9lever facilement sur le Foil. La position de navigation devient naturelle et le confort sous les pieds am\u00e9liore nettement le contr\u00f4le en vol. A pleine vitesse comme lors des manoeuvres, on se sent pleinement en confiance. C\u2019est La nouvelle r\u00e9f\u00e9rence ! \u00bb<\/p>\n<p style=\"text-align: center;\">\u00a0\u00a0\u00a0\u00a0\u00a0\u00a0<strong> Benjamin TILLIER<\/strong> \/ <em>Nouvelle Cal\u00e9donie<\/em><\/p>\n<p style=\"text-align: center;\">Pas de compromis : la gamme F1X est le fruit d\u2019une r\u00e9flexion exclusivement bas\u00e9e sur la pratique du windfoil.<\/p>\n<p style=\"text-align: center;\">Des shapes originaux et sp\u00e9cifiques r\u00e9pondent en tout point \u00e0 cette nouvelle pratique. Les F1X apportent le confort indispensable vous permettant une navigation d\u00e9tendue et en confiance.<\/p>\n<p style=\"text-align: center;\">Notre metteur au point, Benjamin Tillier, a pouss\u00e9 \u00e0 l\u2019extr\u00eame les diff\u00e9rents prototypes, utilisant des surfaces de 4 \u00e0 10 m2, dans des conditions in\u00e9dites.<\/p>\n<p style=\"text-align: center;\">Il y a 3 ans, Elix \u00e9tait la premi\u00e8re marque \u00e0 introduire une gamme sp\u00e9cifique foil.<\/p>\n<p style=\"text-align: center;\">Nous conservons notre avance avec des shapes innovants, v\u00e9ritablement ax\u00e9s sur l\u2019ergonomie et et confort.<\/p>\n<\/div><\/section><\/div>\n<div class='av-flex-placeholder'><\/div><div class=\"flex_column av_one_third  flex_column_table_cell av-equal-height-column av-align-middle av-zero-column-padding   avia-builder-el-4  el_after_av_two_third  el_before_av_one_full   \" style='border-radius:0px; '><div class='av-hotspot-image-container   avia_animated_image avia_animate_when_almost_visible fade-in av-hotspot-numbered   avia-builder-el-5  avia-builder-el-no-sibling   av-non-fullwidth-hotspot-image'  itemprop=\"image\" itemscope=\"itemscope\" itemtype=\"https:\/\/schema.org\/ImageObject\" ><div class='av-hotspot-container'><div class='av-hotspot-container-inner-cell'><div class='av-hotspot-container-inner-wrap'><div class='av-image-hotspot av-image-hotspot-1 ' data-avia-tooltip-position='top' data-avia-tooltip-alignment='centered' data-avia-tooltip-class='av-tt-xlarge-width av-tt-pos-above av-tt-align-centered  main_color av-tt-hotspot' data-avia-tooltip='&lt;p style=&quot;text-align: center;&quot;&gt;Bien que test\u00e9e avec la plupart des foils du march\u00e9, c\u2019est l\u2019association avec le foil SELECT \/ ProFOIL.F1\u00a0 qui vous permettra d\u2019exploiter pleinement les performances de votre ELIX F1X.&lt;\/p&gt;\n' style='top: 58.8%; left: 50%; '><div class='av-image-hotspot_inner' style='background-color: #ffffff; color: #45c0d6;'>1<\/div><div class='av-image-hotspot-pulse' style='background-color:#45c0d6;'><\/div><\/div><img class='avia_image ' src='https:\/\/www.elix-funboard.com\/wp-content\/uploads\/2019\/10\/foil.jpg' alt='' title='foil'   height=\"1000\" width=\"1000\"  itemprop=\"thumbnailUrl\"  \/><\/div><\/div><\/div><\/div><\/div><\/div><!--close column table wrapper. Autoclose: 1 -->\n<div class=\"flex_column av_one_full  flex_column_div av-zero-column-padding first  avia-builder-el-6  el_after_av_one_third  avia-builder-el-last  column-top-margin\" style='border-radius:0px; '><p><div  data-autoplay=''  data-interval='5'  data-animation='fade'  data-hoverpause='1'  class='template-shop avia-content-slider avia-content-grid-active avia-product-slider1 avia-content-slider-odd  avia-builder-el-7  el_before_av_hr  avia-builder-el-first    shop_columns_3' ><div class='avia-content-slider-inner'><ul class=\"products\"><li class=\"product type-product post-814 status-publish first instock product_cat-f1x has-post-thumbnail shipping-taxable purchasable product-type-variable has-default-attributes\">\n\t<div class='inner_product main_color wrapped_style noLightbox  av-product-class-'><div class='thumbnail_container'><img width=\"400\" height=\"400\" src=\"https:\/\/www.elix-funboard.com\/wp-content\/uploads\/2019\/08\/Elix-F1X-MV2-pont-400x400.png\" class=\"attachment-shop_catalog size-shop_catalog wp-post-image\" alt=\"\" loading=\"lazy\" srcset=\"https:\/\/www.elix-funboard.com\/wp-content\/uploads\/2019\/08\/Elix-F1X-MV2-pont-400x400.png 400w, https:\/\/www.elix-funboard.com\/wp-content\/uploads\/2019\/08\/Elix-F1X-MV2-pont-80x80.png 80w, https:\/\/www.elix-funboard.com\/wp-content\/uploads\/2019\/08\/Elix-F1X-MV2-pont-300x300.png 300w, https:\/\/www.elix-funboard.com\/wp-content\/uploads\/2019\/08\/Elix-F1X-MV2-pont-768x768.png 768w, https:\/\/www.elix-funboard.com\/wp-content\/uploads\/2019\/08\/Elix-F1X-MV2-pont-36x36.png 36w, https:\/\/www.elix-funboard.com\/wp-content\/uploads\/2019\/08\/Elix-F1X-MV2-pont-180x180.png 180w, https:\/\/www.elix-funboard.com\/wp-content\/uploads\/2019\/08\/Elix-F1X-MV2-pont-705x705.png 705w, https:\/\/www.elix-funboard.com\/wp-content\/uploads\/2019\/08\/Elix-F1X-MV2-pont-100x100.png 100w, https:\/\/www.elix-funboard.com\/wp-content\/uploads\/2019\/08\/Elix-F1X-MV2-pont-600x600.png 600w, https:\/\/www.elix-funboard.com\/wp-content\/uploads\/2019\/08\/Elix-F1X-MV2-pont.png 1000w\" sizes=\"(max-width: 400px) 100vw, 400px\" \/><\/div><div class='inner_product_header'><div class='avia-arrow'><\/div><div class='inner_product_header_table'><div class='inner_product_header_cell'><\/div><\/div><\/div><div class='avia_cart_buttons single_button'><a href=\"https:\/\/www.elix-funboard.com\/index.php\/produit\/f1x-m\/\" data-quantity=\"1\" class=\"button product_type_variable add_to_cart_button\" data-product_id=\"814\" data-product_sku=\"\" aria-label=\"S\u00e9lectionner les options pour &ldquo;F1X \u2013 M&rdquo;\" rel=\"nofollow\"><span aria-hidden='true' data-av_icon='\ue859' data-av_iconfont='entypo-fontello'><\/span> Choix des options<\/a><\/div><\/div><\/li>\n<li class=\"product type-product post-787 status-publish instock product_cat-f1x has-post-thumbnail shipping-taxable purchasable product-type-simple\">\n\t<div class='inner_product main_color wrapped_style noLightbox  av-product-class-'><div class='thumbnail_container'><img width=\"400\" height=\"400\" src=\"https:\/\/www.elix-funboard.com\/wp-content\/uploads\/2019\/08\/Elix-F1X-L-pont-400x400.png\" class=\"attachment-shop_catalog size-shop_catalog wp-post-image\" alt=\"\" loading=\"lazy\" srcset=\"https:\/\/www.elix-funboard.com\/wp-content\/uploads\/2019\/08\/Elix-F1X-L-pont-400x400.png 400w, https:\/\/www.elix-funboard.com\/wp-content\/uploads\/2019\/08\/Elix-F1X-L-pont-80x80.png 80w, https:\/\/www.elix-funboard.com\/wp-content\/uploads\/2019\/08\/Elix-F1X-L-pont-300x300.png 300w, https:\/\/www.elix-funboard.com\/wp-content\/uploads\/2019\/08\/Elix-F1X-L-pont-768x768.png 768w, https:\/\/www.elix-funboard.com\/wp-content\/uploads\/2019\/08\/Elix-F1X-L-pont-36x36.png 36w, https:\/\/www.elix-funboard.com\/wp-content\/uploads\/2019\/08\/Elix-F1X-L-pont-180x180.png 180w, https:\/\/www.elix-funboard.com\/wp-content\/uploads\/2019\/08\/Elix-F1X-L-pont-705x705.png 705w, https:\/\/www.elix-funboard.com\/wp-content\/uploads\/2019\/08\/Elix-F1X-L-pont-100x100.png 100w, https:\/\/www.elix-funboard.com\/wp-content\/uploads\/2019\/08\/Elix-F1X-L-pont-600x600.png 600w, https:\/\/www.elix-funboard.com\/wp-content\/uploads\/2019\/08\/Elix-F1X-L-pont.png 1000w\" sizes=\"(max-width: 400px) 100vw, 400px\" \/><span class='cart-loading'><\/span><\/div><div class='inner_product_header'><div class='avia-arrow'><\/div><div class='inner_product_header_table'><div class='inner_product_header_cell'><\/div><\/div><\/div><div class='avia_cart_buttons '><a href=\"?add-to-cart=787\" data-quantity=\"1\" class=\"button product_type_simple add_to_cart_button ajax_add_to_cart\" data-product_id=\"787\" data-product_sku=\"\" aria-label=\"Ajouter &ldquo;F1X \u2013 L&rdquo; \u00e0 votre panier\" rel=\"nofollow\"><span aria-hidden='true' data-av_icon='\ue859' data-av_iconfont='entypo-fontello'><\/span> Ajouter au panier<\/a><a class=\"button show_details_button\" href=\"https:\/\/www.elix-funboard.com\/index.php\/produit\/f1x-l\/\"><span aria-hidden='true' data-av_icon='\ue84b' data-av_iconfont='entypo-fontello'><\/span>  Voir les d\u00e9tails<\/a> <span class='button-mini-delimiter'><\/span><\/div><\/div><\/li>\n<\/ul><\/div><\/div><div class=\"clear\"><\/div><br \/>\n<div style=' margin-top:; margin-bottom:30px;'  class='hr hr-custom hr-center hr-icon-yes   avia-builder-el-0  el_before_av_hr  avia-builder-el-first  '><span class='hr-inner   inner-border-av-border-thin' style=' width:100px; border-color:#45c0d6;' ><span class='hr-inner-style'><\/span><\/span><span class='av-seperator-icon' style='color:#45c0d6;' aria-hidden='true' data-av_icon='\ue80f' data-av_iconfont='entypo-fontello'><\/span><span class='hr-inner   inner-border-av-border-thin' style=' width:100px; border-color:#45c0d6;' ><span class='hr-inner-style'><\/span><\/span><\/div><br \/>\n<div class='avia-gallery  avia-gallery-1 avia_lazyload avia-gallery-animate avia_animate_when_visible  '  itemprop=\"image\" itemscope=\"itemscope\" itemtype=\"https:\/\/schema.org\/ImageObject\" ><div class='avia-gallery-thumb'> <a href='https:\/\/www.elix-funboard.com\/wp-content\/uploads\/2019\/10\/8.jpg' data-rel='gallery-1' data-prev-img='https:\/\/www.elix-funboard.com\/wp-content\/uploads\/2019\/10\/8-495x400.jpg' class='first_thumb lightbox ' data-onclick='1' title=''  itemprop=\"thumbnailUrl\" ><img  src='https:\/\/www.elix-funboard.com\/wp-content\/uploads\/2019\/10\/8-260x185.jpg' width='260' height='185'  title='' alt='' \/><\/a> <a href='https:\/\/www.elix-funboard.com\/wp-content\/uploads\/2019\/10\/10.jpg' data-rel='gallery-1' data-prev-img='https:\/\/www.elix-funboard.com\/wp-content\/uploads\/2019\/10\/10-495x400.jpg' class='lightbox ' data-onclick='2' title=''  itemprop=\"thumbnailUrl\" ><img  src='https:\/\/www.elix-funboard.com\/wp-content\/uploads\/2019\/10\/10-260x185.jpg' width='260' height='185'  title='' alt='' \/><\/a> <a href='https:\/\/www.elix-funboard.com\/wp-content\/uploads\/2019\/10\/2.jpg' data-rel='gallery-1' data-prev-img='https:\/\/www.elix-funboard.com\/wp-content\/uploads\/2019\/10\/2-495x400.jpg' class='lightbox ' data-onclick='3' title=''  itemprop=\"thumbnailUrl\" ><img  src='https:\/\/www.elix-funboard.com\/wp-content\/uploads\/2019\/10\/2-260x185.jpg' width='260' height='185'  title='' alt='' \/><\/a> <a href='https:\/\/www.elix-funboard.com\/wp-content\/uploads\/2019\/10\/FAB-2-1030x642.jpg' data-rel='gallery-1' data-prev-img='https:\/\/www.elix-funboard.com\/wp-content\/uploads\/2019\/10\/FAB-2-495x400.jpg' class='lightbox ' data-onclick='4' title=''  itemprop=\"thumbnailUrl\" ><img  src='https:\/\/www.elix-funboard.com\/wp-content\/uploads\/2019\/10\/FAB-2-260x185.jpg' width='260' height='185'  title='' alt='' \/><\/a> <a href='https:\/\/www.elix-funboard.com\/wp-content\/uploads\/2019\/10\/one-hand-2-1030x576.jpg' data-rel='gallery-1' data-prev-img='https:\/\/www.elix-funboard.com\/wp-content\/uploads\/2019\/10\/one-hand-2-495x400.jpg' class='lightbox ' data-onclick='5' title=''  itemprop=\"thumbnailUrl\" ><img  src='https:\/\/www.elix-funboard.com\/wp-content\/uploads\/2019\/10\/one-hand-2-260x185.jpg' width='260' height='185'  title='' alt='' \/><\/a> <a href='https:\/\/www.elix-funboard.com\/wp-content\/uploads\/2019\/10\/IMG_7220-1030x686.jpg' data-rel='gallery-1' data-prev-img='https:\/\/www.elix-funboard.com\/wp-content\/uploads\/2019\/10\/IMG_7220-495x400.jpg' class='lightbox ' data-onclick='6' title=''  itemprop=\"thumbnailUrl\" ><img  src='https:\/\/www.elix-funboard.com\/wp-content\/uploads\/2019\/10\/IMG_7220-260x185.jpg' width='260' height='185'  title='' alt='' \/><\/a><\/div><\/div><\/p><\/div>\n","protected":false},"excerpt":{"rendered":"","protected":false},"author":1,"featured_media":0,"parent":0,"menu_order":0,"comment_status":"closed","ping_status":"closed","template":"","meta":[],"yoast_head":"<!-- This site is optimized with the Yoast SEO plugin v17.3 - https:\/\/yoast.com\/wordpress\/plugins\/seo\/ -->\n<title>F1X | Elix Funboard<\/title>\n<meta name=\"description\" content=\"La gamme F1X est le fruit d\u2019une r\u00e9flexion bas\u00e9e sur la pratique du windfoil. Des shapes originaux et sp\u00e9cifiques r\u00e9pondent \u00e0 cette nouvelle pratique.\" \/>\n<meta name=\"robots\" content=\"index, follow, max-snippet:-1, max-image-preview:large, max-video-preview:-1\" \/>\n<link rel=\"canonical\" href=\"https:\/\/www.elix-funboard.com\/index.php\/f1x\/\" \/>\n<meta property=\"og:locale\" content=\"fr_FR\" \/>\n<meta property=\"og:type\" content=\"article\" \/>\n<meta property=\"og:title\" content=\"F1X | Elix Funboard\" \/>\n<meta property=\"og:description\" content=\"La gamme F1X est le fruit d\u2019une r\u00e9flexion bas\u00e9e sur la pratique du windfoil. Des shapes originaux et sp\u00e9cifiques r\u00e9pondent \u00e0 cette nouvelle pratique.\" \/>\n<meta property=\"og:url\" content=\"https:\/\/www.elix-funboard.com\/index.php\/f1x\/\" \/>\n<meta property=\"og:site_name\" content=\"Elix Funboard\" \/>\n<meta property=\"article:publisher\" content=\"https:\/\/fr-fr.facebook.com\/Elix-funboard-616040088418393\/\" \/>\n<meta property=\"article:modified_time\" content=\"2021-10-16T14:11:13+00:00\" \/>\n<meta name=\"twitter:card\" content=\"summary_large_image\" \/>\n<meta name=\"twitter:site\" content=\"@elixfunboard\" \/>\n<meta name=\"twitter:label1\" content=\"Dur\u00e9e de lecture estim\u00e9e\" \/>\n\t<meta name=\"twitter:data1\" content=\"2 minutes\" \/>\n<script type=\"application\/ld+json\" class=\"yoast-schema-graph\">{\"@context\":\"https:\/\/schema.org\",\"@graph\":[{\"@type\":\"Organization\",\"@id\":\"https:\/\/www.elix-funboard.com\/#organization\",\"name\":\"Elix Funboard\",\"url\":\"https:\/\/www.elix-funboard.com\/\",\"sameAs\":[\"https:\/\/fr-fr.facebook.com\/Elix-funboard-616040088418393\/\",\"https:\/\/www.instagram.com\/elixfunboard\/\",\"https:\/\/twitter.com\/elixfunboard\"],\"logo\":{\"@type\":\"ImageObject\",\"@id\":\"https:\/\/www.elix-funboard.com\/#logo\",\"inLanguage\":\"fr-FR\",\"url\":\"https:\/\/www.elix-funboard.com\/wp-content\/uploads\/2019\/10\/logo-gaulois-top.png\",\"contentUrl\":\"https:\/\/www.elix-funboard.com\/wp-content\/uploads\/2019\/10\/logo-gaulois-top.png\",\"width\":340,\"height\":156,\"caption\":\"Elix Funboard\"},\"image\":{\"@id\":\"https:\/\/www.elix-funboard.com\/#logo\"}},{\"@type\":\"WebSite\",\"@id\":\"https:\/\/www.elix-funboard.com\/#website\",\"url\":\"https:\/\/www.elix-funboard.com\/\",\"name\":\"Elix Funboard\",\"description\":\"\",\"publisher\":{\"@id\":\"https:\/\/www.elix-funboard.com\/#organization\"},\"potentialAction\":[{\"@type\":\"SearchAction\",\"target\":{\"@type\":\"EntryPoint\",\"urlTemplate\":\"https:\/\/www.elix-funboard.com\/?s={search_term_string}\"},\"query-input\":\"required name=search_term_string\"}],\"inLanguage\":\"fr-FR\"},{\"@type\":\"WebPage\",\"@id\":\"https:\/\/www.elix-funboard.com\/index.php\/f1x\/#webpage\",\"url\":\"https:\/\/www.elix-funboard.com\/index.php\/f1x\/\",\"name\":\"F1X | Elix Funboard\",\"isPartOf\":{\"@id\":\"https:\/\/www.elix-funboard.com\/#website\"},\"datePublished\":\"2019-10-14T19:59:20+00:00\",\"dateModified\":\"2021-10-16T14:11:13+00:00\",\"description\":\"La gamme F1X est le fruit d\\u2019une r\\u00e9flexion bas\\u00e9e sur la pratique du windfoil. Des shapes originaux et sp\\u00e9cifiques r\\u00e9pondent \\u00e0 cette nouvelle pratique.\",\"breadcrumb\":{\"@id\":\"https:\/\/www.elix-funboard.com\/index.php\/f1x\/#breadcrumb\"},\"inLanguage\":\"fr-FR\",\"potentialAction\":[{\"@type\":\"ReadAction\",\"target\":[\"https:\/\/www.elix-funboard.com\/index.php\/f1x\/\"]}]},{\"@type\":\"BreadcrumbList\",\"@id\":\"https:\/\/www.elix-funboard.com\/index.php\/f1x\/#breadcrumb\",\"itemListElement\":[{\"@type\":\"ListItem\",\"position\":1,\"name\":\"Accueil\",\"item\":\"https:\/\/www.elix-funboard.com\/index.php\/windsurf\/\"},{\"@type\":\"ListItem\",\"position\":2,\"name\":\"F1X\"}]}]}<\/script>\n<!-- \/ Yoast SEO plugin. -->","yoast_head_json":{"title":"F1X | Elix Funboard","description":"La gamme F1X est le fruit d\u2019une r\u00e9flexion bas\u00e9e sur la pratique du windfoil. Des shapes originaux et sp\u00e9cifiques r\u00e9pondent \u00e0 cette nouvelle pratique.","robots":{"index":"index","follow":"follow","max-snippet":"max-snippet:-1","max-image-preview":"max-image-preview:large","max-video-preview":"max-video-preview:-1"},"canonical":"https:\/\/www.elix-funboard.com\/index.php\/f1x\/","og_locale":"fr_FR","og_type":"article","og_title":"F1X | Elix Funboard","og_description":"La gamme F1X est le fruit d\u2019une r\u00e9flexion bas\u00e9e sur la pratique du windfoil. Des shapes originaux et sp\u00e9cifiques r\u00e9pondent \u00e0 cette nouvelle pratique.","og_url":"https:\/\/www.elix-funboard.com\/index.php\/f1x\/","og_site_name":"Elix Funboard","article_publisher":"https:\/\/fr-fr.facebook.com\/Elix-funboard-616040088418393\/","article_modified_time":"2021-10-16T14:11:13+00:00","twitter_card":"summary_large_image","twitter_site":"@elixfunboard","twitter_misc":{"Dur\u00e9e de lecture estim\u00e9e":"2 minutes"},"schema":{"@context":"https:\/\/schema.org","@graph":[{"@type":"Organization","@id":"https:\/\/www.elix-funboard.com\/#organization","name":"Elix Funboard","url":"https:\/\/www.elix-funboard.com\/","sameAs":["https:\/\/fr-fr.facebook.com\/Elix-funboard-616040088418393\/","https:\/\/www.instagram.com\/elixfunboard\/","https:\/\/twitter.com\/elixfunboard"],"logo":{"@type":"ImageObject","@id":"https:\/\/www.elix-funboard.com\/#logo","inLanguage":"fr-FR","url":"https:\/\/www.elix-funboard.com\/wp-content\/uploads\/2019\/10\/logo-gaulois-top.png","contentUrl":"https:\/\/www.elix-funboard.com\/wp-content\/uploads\/2019\/10\/logo-gaulois-top.png","width":340,"height":156,"caption":"Elix Funboard"},"image":{"@id":"https:\/\/www.elix-funboard.com\/#logo"}},{"@type":"WebSite","@id":"https:\/\/www.elix-funboard.com\/#website","url":"https:\/\/www.elix-funboard.com\/","name":"Elix Funboard","description":"","publisher":{"@id":"https:\/\/www.elix-funboard.com\/#organization"},"potentialAction":[{"@type":"SearchAction","target":{"@type":"EntryPoint","urlTemplate":"https:\/\/www.elix-funboard.com\/?s={search_term_string}"},"query-input":"required name=search_term_string"}],"inLanguage":"fr-FR"},{"@type":"WebPage","@id":"https:\/\/www.elix-funboard.com\/index.php\/f1x\/#webpage","url":"https:\/\/www.elix-funboard.com\/index.php\/f1x\/","name":"F1X | Elix Funboard","isPartOf":{"@id":"https:\/\/www.elix-funboard.com\/#website"},"datePublished":"2019-10-14T19:59:20+00:00","dateModified":"2021-10-16T14:11:13+00:00","description":"La gamme F1X est le fruit d\u2019une r\u00e9flexion bas\u00e9e sur la pratique du windfoil. Des shapes originaux et sp\u00e9cifiques r\u00e9pondent \u00e0 cette nouvelle pratique.","breadcrumb":{"@id":"https:\/\/www.elix-funboard.com\/index.php\/f1x\/#breadcrumb"},"inLanguage":"fr-FR","potentialAction":[{"@type":"ReadAction","target":["https:\/\/www.elix-funboard.com\/index.php\/f1x\/"]}]},{"@type":"BreadcrumbList","@id":"https:\/\/www.elix-funboard.com\/index.php\/f1x\/#breadcrumb","itemListElement":[{"@type":"ListItem","position":1,"name":"Accueil","item":"https:\/\/www.elix-funboard.com\/index.php\/windsurf\/"},{"@type":"ListItem","position":2,"name":"F1X"}]}]}},"_links":{"self":[{"href":"https:\/\/www.elix-funboard.com\/index.php\/wp-json\/wp\/v2\/pages\/985"}],"collection":[{"href":"https:\/\/www.elix-funboard.com\/index.php\/wp-json\/wp\/v2\/pages"}],"about":[{"href":"https:\/\/www.elix-funboard.com\/index.php\/wp-json\/wp\/v2\/types\/page"}],"author":[{"embeddable":true,"href":"https:\/\/www.elix-funboard.com\/index.php\/wp-json\/wp\/v2\/users\/1"}],"replies":[{"embeddable":true,"href":"https:\/\/www.elix-funboard.com\/index.php\/wp-json\/wp\/v2\/comments?post=985"}],"version-history":[{"count":62,"href":"https:\/\/www.elix-funboard.com\/index.php\/wp-json\/wp\/v2\/pages\/985\/revisions"}],"predecessor-version":[{"id":1975,"href":"https:\/\/www.elix-funboard.com\/index.php\/wp-json\/wp\/v2\/pages\/985\/revisions\/1975"}],"wp:attachment":[{"href":"https:\/\/www.elix-funboard.com\/index.php\/wp-json\/wp\/v2\/media?parent=985"}],"curies":[{"name":"wp","href":"https:\/\/api.w.org\/{rel}","templated":true}]}}