{"id":1293,"date":"2019-11-01T17:14:16","date_gmt":"2019-11-01T16:14:16","guid":{"rendered":"https:\/\/www.elix-funboard.com\/?post_type=product&#038;p=1293"},"modified":"2025-09-02T12:14:45","modified_gmt":"2025-09-02T10:14:45","slug":"housse","status":"publish","type":"product","link":"https:\/\/www.elix-funboard.com\/index.php\/produit\/housse\/","title":{"rendered":"Housse"},"content":{"rendered":"<p>Housse de transport haut de gamme.<\/p>\n<p>Apportez une protection maximum \u00e0 votre flotteur Elix et un confort d&rsquo;utilisation appr\u00e9ciable.<\/p>\n<p>Housse construite avec les meilleurs mat\u00e9riaux au design pens\u00e9 pour vous facilit\u00e9 la vie.<\/p>\n<p>Le zip ultra long permet d&rsquo;ouvrir enti\u00e8rement la housse \u00e0 plat pour les 2 plus grandes tailles afin de vous apporter un espace toujours propre et s\u00e9curisant pour la montage de votre flotteur et accessoirement pour la manipulation de votre foil.<\/p>\n<p>L&rsquo;entretien sera plus facile avec un rin\u00e7age s\u00e9chage rapide.<\/p>\n<p>Profil a soufflet pour un plus faible encombrement.<\/p>\n<p>Top produit.<\/p>\n","protected":false},"excerpt":{"rendered":"<p>Housse de transport haut de gamme. Apportez une protection maximum \u00e0 votre flotteur Elix et un confort d&rsquo;utilisation appr\u00e9ciable. Housse construite avec les meilleurs mat\u00e9riaux au design pens\u00e9 pour vous facilit\u00e9 la vie. Le zip ultra long permet d&rsquo;ouvrir enti\u00e8rement la housse \u00e0 plat pour les 2 plus grandes tailles afin de vous apporter un [&hellip;]<\/p>\n","protected":false},"featured_media":1307,"template":"","meta":[],"product_cat":[32],"product_tag":[],"yoast_head":"<!-- This site is optimized with the Yoast SEO plugin v17.3 - https:\/\/yoast.com\/wordpress\/plugins\/seo\/ -->\n<title>Housse - Elix Funboard<\/title>\n<meta name=\"robots\" content=\"index, follow, max-snippet:-1, max-image-preview:large, max-video-preview:-1\" \/>\n<link rel=\"canonical\" href=\"https:\/\/www.elix-funboard.com\/index.php\/produit\/housse\/\" \/>\n<meta property=\"og:locale\" content=\"fr_FR\" \/>\n<meta property=\"og:type\" content=\"article\" \/>\n<meta property=\"og:title\" content=\"Housse - Elix Funboard\" \/>\n<meta property=\"og:description\" content=\"Housse de transport haut de gamme. Apportez une protection maximum \u00e0 votre flotteur Elix et un confort d&rsquo;utilisation appr\u00e9ciable. Housse construite avec les meilleurs mat\u00e9riaux au design pens\u00e9 pour vous facilit\u00e9 la vie. Le zip ultra long permet d&rsquo;ouvrir enti\u00e8rement la housse \u00e0 plat pour les 2 plus grandes tailles afin de vous apporter un [&hellip;]\" \/>\n<meta property=\"og:url\" content=\"https:\/\/www.elix-funboard.com\/index.php\/produit\/housse\/\" \/>\n<meta property=\"og:site_name\" content=\"Elix Funboard\" \/>\n<meta property=\"article:publisher\" content=\"https:\/\/fr-fr.facebook.com\/Elix-funboard-616040088418393\/\" \/>\n<meta property=\"article:modified_time\" content=\"2025-09-02T10:14:45+00:00\" \/>\n<meta property=\"og:image\" content=\"https:\/\/www.elix-funboard.com\/wp-content\/uploads\/2019\/11\/240x70-face.png\" \/>\n\t<meta property=\"og:image:width\" content=\"1500\" \/>\n\t<meta property=\"og:image:height\" content=\"1500\" \/>\n<meta name=\"twitter:card\" content=\"summary_large_image\" \/>\n<meta name=\"twitter:site\" content=\"@elixfunboard\" \/>\n<script type=\"application\/ld+json\" class=\"yoast-schema-graph\">{\"@context\":\"https:\/\/schema.org\",\"@graph\":[{\"@type\":\"Organization\",\"@id\":\"https:\/\/www.elix-funboard.com\/#organization\",\"name\":\"Elix Funboard\",\"url\":\"https:\/\/www.elix-funboard.com\/\",\"sameAs\":[\"https:\/\/fr-fr.facebook.com\/Elix-funboard-616040088418393\/\",\"https:\/\/www.instagram.com\/elixfunboard\/\",\"https:\/\/twitter.com\/elixfunboard\"],\"logo\":{\"@type\":\"ImageObject\",\"@id\":\"https:\/\/www.elix-funboard.com\/#logo\",\"inLanguage\":\"fr-FR\",\"url\":\"https:\/\/www.elix-funboard.com\/wp-content\/uploads\/2019\/10\/logo-gaulois-top.png\",\"contentUrl\":\"https:\/\/www.elix-funboard.com\/wp-content\/uploads\/2019\/10\/logo-gaulois-top.png\",\"width\":340,\"height\":156,\"caption\":\"Elix Funboard\"},\"image\":{\"@id\":\"https:\/\/www.elix-funboard.com\/#logo\"}},{\"@type\":\"WebSite\",\"@id\":\"https:\/\/www.elix-funboard.com\/#website\",\"url\":\"https:\/\/www.elix-funboard.com\/\",\"name\":\"Elix Funboard\",\"description\":\"\",\"publisher\":{\"@id\":\"https:\/\/www.elix-funboard.com\/#organization\"},\"potentialAction\":[{\"@type\":\"SearchAction\",\"target\":{\"@type\":\"EntryPoint\",\"urlTemplate\":\"https:\/\/www.elix-funboard.com\/?s={search_term_string}\"},\"query-input\":\"required name=search_term_string\"}],\"inLanguage\":\"fr-FR\"},{\"@type\":\"ImageObject\",\"@id\":\"https:\/\/www.elix-funboard.com\/index.php\/produit\/housse\/#primaryimage\",\"inLanguage\":\"fr-FR\",\"url\":\"https:\/\/www.elix-funboard.com\/wp-content\/uploads\/2019\/11\/240x70-face.png\",\"contentUrl\":\"https:\/\/www.elix-funboard.com\/wp-content\/uploads\/2019\/11\/240x70-face.png\",\"width\":1500,\"height\":1500},{\"@type\":\"WebPage\",\"@id\":\"https:\/\/www.elix-funboard.com\/index.php\/produit\/housse\/#webpage\",\"url\":\"https:\/\/www.elix-funboard.com\/index.php\/produit\/housse\/\",\"name\":\"Housse - Elix Funboard\",\"isPartOf\":{\"@id\":\"https:\/\/www.elix-funboard.com\/#website\"},\"primaryImageOfPage\":{\"@id\":\"https:\/\/www.elix-funboard.com\/index.php\/produit\/housse\/#primaryimage\"},\"datePublished\":\"2019-11-01T16:14:16+00:00\",\"dateModified\":\"2025-09-02T10:14:45+00:00\",\"breadcrumb\":{\"@id\":\"https:\/\/www.elix-funboard.com\/index.php\/produit\/housse\/#breadcrumb\"},\"inLanguage\":\"fr-FR\",\"potentialAction\":[{\"@type\":\"ReadAction\",\"target\":[\"https:\/\/www.elix-funboard.com\/index.php\/produit\/housse\/\"]}]},{\"@type\":\"BreadcrumbList\",\"@id\":\"https:\/\/www.elix-funboard.com\/index.php\/produit\/housse\/#breadcrumb\",\"itemListElement\":[{\"@type\":\"ListItem\",\"position\":1,\"name\":\"Accueil\",\"item\":\"https:\/\/www.elix-funboard.com\/index.php\/windsurf\/\"},{\"@type\":\"ListItem\",\"position\":2,\"name\":\"Accueil\",\"item\":\"https:\/\/www.elix-funboard.com\/index.php\/windsurf\/\"},{\"@type\":\"ListItem\",\"position\":3,\"name\":\"Housse\"}]}]}<\/script>\n<!-- \/ Yoast SEO plugin. -->","yoast_head_json":{"title":"Housse - Elix Funboard","robots":{"index":"index","follow":"follow","max-snippet":"max-snippet:-1","max-image-preview":"max-image-preview:large","max-video-preview":"max-video-preview:-1"},"canonical":"https:\/\/www.elix-funboard.com\/index.php\/produit\/housse\/","og_locale":"fr_FR","og_type":"article","og_title":"Housse - Elix Funboard","og_description":"Housse de transport haut de gamme. Apportez une protection maximum \u00e0 votre flotteur Elix et un confort d&rsquo;utilisation appr\u00e9ciable. Housse construite avec les meilleurs mat\u00e9riaux au design pens\u00e9 pour vous facilit\u00e9 la vie. Le zip ultra long permet d&rsquo;ouvrir enti\u00e8rement la housse \u00e0 plat pour les 2 plus grandes tailles afin de vous apporter un [&hellip;]","og_url":"https:\/\/www.elix-funboard.com\/index.php\/produit\/housse\/","og_site_name":"Elix Funboard","article_publisher":"https:\/\/fr-fr.facebook.com\/Elix-funboard-616040088418393\/","article_modified_time":"2025-09-02T10:14:45+00:00","og_image":[{"width":1500,"height":1500,"url":"https:\/\/www.elix-funboard.com\/wp-content\/uploads\/2019\/11\/240x70-face.png","type":"image\/png"}],"twitter_card":"summary_large_image","twitter_site":"@elixfunboard","schema":{"@context":"https:\/\/schema.org","@graph":[{"@type":"Organization","@id":"https:\/\/www.elix-funboard.com\/#organization","name":"Elix Funboard","url":"https:\/\/www.elix-funboard.com\/","sameAs":["https:\/\/fr-fr.facebook.com\/Elix-funboard-616040088418393\/","https:\/\/www.instagram.com\/elixfunboard\/","https:\/\/twitter.com\/elixfunboard"],"logo":{"@type":"ImageObject","@id":"https:\/\/www.elix-funboard.com\/#logo","inLanguage":"fr-FR","url":"https:\/\/www.elix-funboard.com\/wp-content\/uploads\/2019\/10\/logo-gaulois-top.png","contentUrl":"https:\/\/www.elix-funboard.com\/wp-content\/uploads\/2019\/10\/logo-gaulois-top.png","width":340,"height":156,"caption":"Elix Funboard"},"image":{"@id":"https:\/\/www.elix-funboard.com\/#logo"}},{"@type":"WebSite","@id":"https:\/\/www.elix-funboard.com\/#website","url":"https:\/\/www.elix-funboard.com\/","name":"Elix Funboard","description":"","publisher":{"@id":"https:\/\/www.elix-funboard.com\/#organization"},"potentialAction":[{"@type":"SearchAction","target":{"@type":"EntryPoint","urlTemplate":"https:\/\/www.elix-funboard.com\/?s={search_term_string}"},"query-input":"required name=search_term_string"}],"inLanguage":"fr-FR"},{"@type":"ImageObject","@id":"https:\/\/www.elix-funboard.com\/index.php\/produit\/housse\/#primaryimage","inLanguage":"fr-FR","url":"https:\/\/www.elix-funboard.com\/wp-content\/uploads\/2019\/11\/240x70-face.png","contentUrl":"https:\/\/www.elix-funboard.com\/wp-content\/uploads\/2019\/11\/240x70-face.png","width":1500,"height":1500},{"@type":"WebPage","@id":"https:\/\/www.elix-funboard.com\/index.php\/produit\/housse\/#webpage","url":"https:\/\/www.elix-funboard.com\/index.php\/produit\/housse\/","name":"Housse - Elix Funboard","isPartOf":{"@id":"https:\/\/www.elix-funboard.com\/#website"},"primaryImageOfPage":{"@id":"https:\/\/www.elix-funboard.com\/index.php\/produit\/housse\/#primaryimage"},"datePublished":"2019-11-01T16:14:16+00:00","dateModified":"2025-09-02T10:14:45+00:00","breadcrumb":{"@id":"https:\/\/www.elix-funboard.com\/index.php\/produit\/housse\/#breadcrumb"},"inLanguage":"fr-FR","potentialAction":[{"@type":"ReadAction","target":["https:\/\/www.elix-funboard.com\/index.php\/produit\/housse\/"]}]},{"@type":"BreadcrumbList","@id":"https:\/\/www.elix-funboard.com\/index.php\/produit\/housse\/#breadcrumb","itemListElement":[{"@type":"ListItem","position":1,"name":"Accueil","item":"https:\/\/www.elix-funboard.com\/index.php\/windsurf\/"},{"@type":"ListItem","position":2,"name":"Accueil","item":"https:\/\/www.elix-funboard.com\/index.php\/windsurf\/"},{"@type":"ListItem","position":3,"name":"Housse"}]}]}},"_links":{"self":[{"href":"https:\/\/www.elix-funboard.com\/index.php\/wp-json\/wp\/v2\/product\/1293"}],"collection":[{"href":"https:\/\/www.elix-funboard.com\/index.php\/wp-json\/wp\/v2\/product"}],"about":[{"href":"https:\/\/www.elix-funboard.com\/index.php\/wp-json\/wp\/v2\/types\/product"}],"wp:featuredmedia":[{"embeddable":true,"href":"https:\/\/www.elix-funboard.com\/index.php\/wp-json\/wp\/v2\/media\/1307"}],"wp:attachment":[{"href":"https:\/\/www.elix-funboard.com\/index.php\/wp-json\/wp\/v2\/media?parent=1293"}],"wp:term":[{"taxonomy":"product_cat","embeddable":true,"href":"https:\/\/www.elix-funboard.com\/index.php\/wp-json\/wp\/v2\/product_cat?post=1293"},{"taxonomy":"product_tag","embeddable":true,"href":"https:\/\/www.elix-funboard.com\/index.php\/wp-json\/wp\/v2\/product_tag?post=1293"}],"curies":[{"name":"wp","href":"https:\/\/api.w.org\/{rel}","templated":true}]}}