{"id":1373,"date":"2019-11-02T10:16:02","date_gmt":"2019-11-02T09:16:02","guid":{"rendered":"https:\/\/www.elix-funboard.com\/?post_type=product&#038;p=1373"},"modified":"2019-11-02T13:39:18","modified_gmt":"2019-11-02T12:39:18","slug":"select-rhino-pro","status":"publish","type":"product","link":"https:\/\/www.elix-funboard.com\/index.php\/produit\/select-rhino-pro\/","title":{"rendered":"S\u00e9lect Rhino Pro"},"content":{"rendered":"<div class=\"et_pb_woopro_description et_pb_module et_pb_woopro_description_0 et_pb_with_border\">\n<div id=\"et-boc\" class=\"et-boc\">\n<div class=\"et-l et-l--post\">\n<div class=\"et_builder_inner_content et_pb_gutters3 product\">\n<div class=\"et_pb_section et_pb_section_4 et_section_regular\">\n<div class=\"et_pb_row et_pb_row_3\">\n<div class=\"et_pb_column et_pb_column_4_4 et_pb_column_5 et_pb_css_mix_blend_mode_passthrough et-last-child et_pb_column_single\">\n<div class=\"et_pb_module et_pb_text et_pb_text_1 et_pb_bg_layout_light et_pb_text_align_left\">\n<div class=\"et_pb_text_inner\">\n<p><strong>Type de board : Slalom<\/strong><\/p>\n<ul>\n<li>Nouvelle version de notre aileron de r\u00e9f\u00e9rence !<\/li>\n<li>Am\u00e9lioration de la tenue et de la puissance du profil<\/li>\n<li>Niveau technique exig\u00e9 important pour profiter d\u2019une efficacit\u00e9 maximum<\/li>\n<li>Aileron tr\u00e8s flexible en pointe pour g\u00e9n\u00e9rer beaucoup de lift<\/li>\n<li>Base de l\u2019aileron rigide pour obtenir des appuis stables tr\u00e8s directionnels<\/li>\n<li>Effet de foil important<\/li>\n<\/ul>\n<p><strong>Boitiers :<\/strong><\/p>\n<ul>\n<li>Power Box<\/li>\n<li>Tuttle Box<\/li>\n<li>Deep Tuttle Box<\/li>\n<\/ul>\n<p><strong>Technologie :<\/strong><\/p>\n<ul>\n<li>Prepreg Carbon Custom<\/li>\n<\/ul>\n<p><span style=\"color: #ff0000;\">Attention produit non disponible \u00e0 la vente sur notre site. Rendez-vous chez S\u00e9lect.<\/span><\/p>\n<p><a href=\"https:\/\/www.select-hydrofoils.com\/shop\/windsurf\/rhino-pro\" target=\"_blank\" rel=\"noopener noreferrer\"><img loading=\"lazy\" class=\"alignnone size-full wp-image-768\" src=\"https:\/\/www.elix-funboard.com\/wp-content\/uploads\/2019\/08\/select-logo.png\" alt=\"\" width=\"150\" height=\"60\" \/><\/a><\/p>\n<\/div>\n<\/div>\n<\/div>\n<\/div>\n<\/div>\n<\/div>\n<\/div>\n<\/div>\n<\/div>\n","protected":false},"excerpt":{"rendered":"<p>Type de board : Slalom Nouvelle version de notre aileron de r\u00e9f\u00e9rence ! Am\u00e9lioration de la tenue et de la puissance du profil Niveau technique exig\u00e9 important pour profiter d\u2019une efficacit\u00e9 maximum Aileron tr\u00e8s flexible en pointe pour g\u00e9n\u00e9rer beaucoup de lift Base de l\u2019aileron rigide pour obtenir des appuis stables tr\u00e8s directionnels Effet de [&hellip;]<\/p>\n","protected":false},"featured_media":1374,"template":"","meta":[],"product_cat":[58],"product_tag":[],"yoast_head":"<!-- This site is optimized with the Yoast SEO plugin v17.3 - https:\/\/yoast.com\/wordpress\/plugins\/seo\/ -->\n<title>S\u00e9lect Rhino Pro - Elix Funboard<\/title>\n<meta name=\"robots\" content=\"index, follow, max-snippet:-1, max-image-preview:large, max-video-preview:-1\" \/>\n<link rel=\"canonical\" href=\"https:\/\/www.elix-funboard.com\/index.php\/produit\/select-rhino-pro\/\" \/>\n<meta property=\"og:locale\" content=\"fr_FR\" \/>\n<meta property=\"og:type\" content=\"article\" \/>\n<meta property=\"og:title\" content=\"S\u00e9lect Rhino Pro - Elix Funboard\" \/>\n<meta property=\"og:description\" content=\"Type de board : Slalom Nouvelle version de notre aileron de r\u00e9f\u00e9rence ! Am\u00e9lioration de la tenue et de la puissance du profil Niveau technique exig\u00e9 important pour profiter d\u2019une efficacit\u00e9 maximum Aileron tr\u00e8s flexible en pointe pour g\u00e9n\u00e9rer beaucoup de lift Base de l\u2019aileron rigide pour obtenir des appuis stables tr\u00e8s directionnels Effet de [&hellip;]\" \/>\n<meta property=\"og:url\" content=\"https:\/\/www.elix-funboard.com\/index.php\/produit\/select-rhino-pro\/\" \/>\n<meta property=\"og:site_name\" content=\"Elix Funboard\" \/>\n<meta property=\"article:publisher\" content=\"https:\/\/fr-fr.facebook.com\/Elix-funboard-616040088418393\/\" \/>\n<meta property=\"article:modified_time\" content=\"2019-11-02T12:39:18+00:00\" \/>\n<meta property=\"og:image\" content=\"https:\/\/www.elix-funboard.com\/wp-content\/uploads\/2019\/11\/select-rhino.jpg\" \/>\n\t<meta property=\"og:image:width\" content=\"1000\" \/>\n\t<meta property=\"og:image:height\" content=\"1000\" \/>\n<meta name=\"twitter:card\" content=\"summary_large_image\" \/>\n<meta name=\"twitter:site\" content=\"@elixfunboard\" \/>\n<script type=\"application\/ld+json\" class=\"yoast-schema-graph\">{\"@context\":\"https:\/\/schema.org\",\"@graph\":[{\"@type\":\"Organization\",\"@id\":\"https:\/\/www.elix-funboard.com\/#organization\",\"name\":\"Elix Funboard\",\"url\":\"https:\/\/www.elix-funboard.com\/\",\"sameAs\":[\"https:\/\/fr-fr.facebook.com\/Elix-funboard-616040088418393\/\",\"https:\/\/www.instagram.com\/elixfunboard\/\",\"https:\/\/twitter.com\/elixfunboard\"],\"logo\":{\"@type\":\"ImageObject\",\"@id\":\"https:\/\/www.elix-funboard.com\/#logo\",\"inLanguage\":\"fr-FR\",\"url\":\"https:\/\/www.elix-funboard.com\/wp-content\/uploads\/2019\/10\/logo-gaulois-top.png\",\"contentUrl\":\"https:\/\/www.elix-funboard.com\/wp-content\/uploads\/2019\/10\/logo-gaulois-top.png\",\"width\":340,\"height\":156,\"caption\":\"Elix Funboard\"},\"image\":{\"@id\":\"https:\/\/www.elix-funboard.com\/#logo\"}},{\"@type\":\"WebSite\",\"@id\":\"https:\/\/www.elix-funboard.com\/#website\",\"url\":\"https:\/\/www.elix-funboard.com\/\",\"name\":\"Elix Funboard\",\"description\":\"\",\"publisher\":{\"@id\":\"https:\/\/www.elix-funboard.com\/#organization\"},\"potentialAction\":[{\"@type\":\"SearchAction\",\"target\":{\"@type\":\"EntryPoint\",\"urlTemplate\":\"https:\/\/www.elix-funboard.com\/?s={search_term_string}\"},\"query-input\":\"required name=search_term_string\"}],\"inLanguage\":\"fr-FR\"},{\"@type\":\"ImageObject\",\"@id\":\"https:\/\/www.elix-funboard.com\/index.php\/produit\/select-rhino-pro\/#primaryimage\",\"inLanguage\":\"fr-FR\",\"url\":\"https:\/\/www.elix-funboard.com\/wp-content\/uploads\/2019\/11\/select-rhino.jpg\",\"contentUrl\":\"https:\/\/www.elix-funboard.com\/wp-content\/uploads\/2019\/11\/select-rhino.jpg\",\"width\":1000,\"height\":1000},{\"@type\":\"WebPage\",\"@id\":\"https:\/\/www.elix-funboard.com\/index.php\/produit\/select-rhino-pro\/#webpage\",\"url\":\"https:\/\/www.elix-funboard.com\/index.php\/produit\/select-rhino-pro\/\",\"name\":\"S\\u00e9lect Rhino Pro - Elix Funboard\",\"isPartOf\":{\"@id\":\"https:\/\/www.elix-funboard.com\/#website\"},\"primaryImageOfPage\":{\"@id\":\"https:\/\/www.elix-funboard.com\/index.php\/produit\/select-rhino-pro\/#primaryimage\"},\"datePublished\":\"2019-11-02T09:16:02+00:00\",\"dateModified\":\"2019-11-02T12:39:18+00:00\",\"breadcrumb\":{\"@id\":\"https:\/\/www.elix-funboard.com\/index.php\/produit\/select-rhino-pro\/#breadcrumb\"},\"inLanguage\":\"fr-FR\",\"potentialAction\":[{\"@type\":\"ReadAction\",\"target\":[\"https:\/\/www.elix-funboard.com\/index.php\/produit\/select-rhino-pro\/\"]}]},{\"@type\":\"BreadcrumbList\",\"@id\":\"https:\/\/www.elix-funboard.com\/index.php\/produit\/select-rhino-pro\/#breadcrumb\",\"itemListElement\":[{\"@type\":\"ListItem\",\"position\":1,\"name\":\"Accueil\",\"item\":\"https:\/\/www.elix-funboard.com\/index.php\/windsurf\/\"},{\"@type\":\"ListItem\",\"position\":2,\"name\":\"Accueil\",\"item\":\"https:\/\/www.elix-funboard.com\/index.php\/windsurf\/\"},{\"@type\":\"ListItem\",\"position\":3,\"name\":\"S\\u00e9lect Rhino Pro\"}]}]}<\/script>\n<!-- \/ Yoast SEO plugin. -->","yoast_head_json":{"title":"S\u00e9lect Rhino Pro - Elix Funboard","robots":{"index":"index","follow":"follow","max-snippet":"max-snippet:-1","max-image-preview":"max-image-preview:large","max-video-preview":"max-video-preview:-1"},"canonical":"https:\/\/www.elix-funboard.com\/index.php\/produit\/select-rhino-pro\/","og_locale":"fr_FR","og_type":"article","og_title":"S\u00e9lect Rhino Pro - Elix Funboard","og_description":"Type de board : Slalom Nouvelle version de notre aileron de r\u00e9f\u00e9rence ! Am\u00e9lioration de la tenue et de la puissance du profil Niveau technique exig\u00e9 important pour profiter d\u2019une efficacit\u00e9 maximum Aileron tr\u00e8s flexible en pointe pour g\u00e9n\u00e9rer beaucoup de lift Base de l\u2019aileron rigide pour obtenir des appuis stables tr\u00e8s directionnels Effet de [&hellip;]","og_url":"https:\/\/www.elix-funboard.com\/index.php\/produit\/select-rhino-pro\/","og_site_name":"Elix Funboard","article_publisher":"https:\/\/fr-fr.facebook.com\/Elix-funboard-616040088418393\/","article_modified_time":"2019-11-02T12:39:18+00:00","og_image":[{"width":1000,"height":1000,"url":"https:\/\/www.elix-funboard.com\/wp-content\/uploads\/2019\/11\/select-rhino.jpg","type":"image\/jpeg"}],"twitter_card":"summary_large_image","twitter_site":"@elixfunboard","schema":{"@context":"https:\/\/schema.org","@graph":[{"@type":"Organization","@id":"https:\/\/www.elix-funboard.com\/#organization","name":"Elix Funboard","url":"https:\/\/www.elix-funboard.com\/","sameAs":["https:\/\/fr-fr.facebook.com\/Elix-funboard-616040088418393\/","https:\/\/www.instagram.com\/elixfunboard\/","https:\/\/twitter.com\/elixfunboard"],"logo":{"@type":"ImageObject","@id":"https:\/\/www.elix-funboard.com\/#logo","inLanguage":"fr-FR","url":"https:\/\/www.elix-funboard.com\/wp-content\/uploads\/2019\/10\/logo-gaulois-top.png","contentUrl":"https:\/\/www.elix-funboard.com\/wp-content\/uploads\/2019\/10\/logo-gaulois-top.png","width":340,"height":156,"caption":"Elix Funboard"},"image":{"@id":"https:\/\/www.elix-funboard.com\/#logo"}},{"@type":"WebSite","@id":"https:\/\/www.elix-funboard.com\/#website","url":"https:\/\/www.elix-funboard.com\/","name":"Elix Funboard","description":"","publisher":{"@id":"https:\/\/www.elix-funboard.com\/#organization"},"potentialAction":[{"@type":"SearchAction","target":{"@type":"EntryPoint","urlTemplate":"https:\/\/www.elix-funboard.com\/?s={search_term_string}"},"query-input":"required name=search_term_string"}],"inLanguage":"fr-FR"},{"@type":"ImageObject","@id":"https:\/\/www.elix-funboard.com\/index.php\/produit\/select-rhino-pro\/#primaryimage","inLanguage":"fr-FR","url":"https:\/\/www.elix-funboard.com\/wp-content\/uploads\/2019\/11\/select-rhino.jpg","contentUrl":"https:\/\/www.elix-funboard.com\/wp-content\/uploads\/2019\/11\/select-rhino.jpg","width":1000,"height":1000},{"@type":"WebPage","@id":"https:\/\/www.elix-funboard.com\/index.php\/produit\/select-rhino-pro\/#webpage","url":"https:\/\/www.elix-funboard.com\/index.php\/produit\/select-rhino-pro\/","name":"S\u00e9lect Rhino Pro - Elix Funboard","isPartOf":{"@id":"https:\/\/www.elix-funboard.com\/#website"},"primaryImageOfPage":{"@id":"https:\/\/www.elix-funboard.com\/index.php\/produit\/select-rhino-pro\/#primaryimage"},"datePublished":"2019-11-02T09:16:02+00:00","dateModified":"2019-11-02T12:39:18+00:00","breadcrumb":{"@id":"https:\/\/www.elix-funboard.com\/index.php\/produit\/select-rhino-pro\/#breadcrumb"},"inLanguage":"fr-FR","potentialAction":[{"@type":"ReadAction","target":["https:\/\/www.elix-funboard.com\/index.php\/produit\/select-rhino-pro\/"]}]},{"@type":"BreadcrumbList","@id":"https:\/\/www.elix-funboard.com\/index.php\/produit\/select-rhino-pro\/#breadcrumb","itemListElement":[{"@type":"ListItem","position":1,"name":"Accueil","item":"https:\/\/www.elix-funboard.com\/index.php\/windsurf\/"},{"@type":"ListItem","position":2,"name":"Accueil","item":"https:\/\/www.elix-funboard.com\/index.php\/windsurf\/"},{"@type":"ListItem","position":3,"name":"S\u00e9lect Rhino Pro"}]}]}},"_links":{"self":[{"href":"https:\/\/www.elix-funboard.com\/index.php\/wp-json\/wp\/v2\/product\/1373"}],"collection":[{"href":"https:\/\/www.elix-funboard.com\/index.php\/wp-json\/wp\/v2\/product"}],"about":[{"href":"https:\/\/www.elix-funboard.com\/index.php\/wp-json\/wp\/v2\/types\/product"}],"wp:featuredmedia":[{"embeddable":true,"href":"https:\/\/www.elix-funboard.com\/index.php\/wp-json\/wp\/v2\/media\/1374"}],"wp:attachment":[{"href":"https:\/\/www.elix-funboard.com\/index.php\/wp-json\/wp\/v2\/media?parent=1373"}],"wp:term":[{"taxonomy":"product_cat","embeddable":true,"href":"https:\/\/www.elix-funboard.com\/index.php\/wp-json\/wp\/v2\/product_cat?post=1373"},{"taxonomy":"product_tag","embeddable":true,"href":"https:\/\/www.elix-funboard.com\/index.php\/wp-json\/wp\/v2\/product_tag?post=1373"}],"curies":[{"name":"wp","href":"https:\/\/api.w.org\/{rel}","templated":true}]}}