{"id":1611,"date":"2021-10-15T17:42:04","date_gmt":"2021-10-15T15:42:04","guid":{"rendered":"https:\/\/www.elix-funboard.com\/?post_type=product&#038;p=1611"},"modified":"2021-10-16T17:47:42","modified_gmt":"2021-10-16T15:47:42","slug":"wing-max-xs","status":"publish","type":"product","link":"https:\/\/www.elix-funboard.com\/index.php\/produit\/wing-max-xs\/","title":{"rendered":"WING MAX XS"},"content":{"rendered":"<h2><strong>SI PETITE MAIS SI G\u00c9N\u00c9REUSE<\/strong><\/h2>\n<p>Si vous cherchez un flotteur pour pousser votre niveau de pratique vers le haut, nul doute que la XS vous comblera.<\/p>\n<p>En Wing, lorsque les conditions sont bien en place, ce flotteur se r\u00e9v\u00e8le d\u2019une efficacit\u00e9 redoutable.<\/p>\n<p>L\u2019encombrement tr\u00e8s r\u00e9duit et sa l\u00e9g\u00e8ret\u00e9 vous procure de nouvelles sensations de glisse.<\/p>\n<p>C\u2019est la Max No Limit.<\/p>\n<p>Ce shape a \u00e9t\u00e9 d\u00e9velopp\u00e9 en parall\u00e8le pour la pratique du Surfoil.<\/p>\n<p>L\u00e0 encore, il excelle par sa l\u00e9g\u00e8ret\u00e9 sous les pieds et une conduite tr\u00e8s douce.<\/p>\n<p>Un Must.<\/p>\n<div  class='hr hr-short hr-left   avia-builder-el-0  el_before_av_hr  avia-builder-el-first  '><span class='hr-inner ' ><span class='hr-inner-style'><\/span><\/span><\/div>\n<p>Longueur: <strong>142 cm<br \/>\n<\/strong>Largeur Max: <strong>55 cm<\/strong><strong><br \/>\n<\/strong>Volume: <strong>40 L<br \/>\n<\/strong>Poids (FN):\u00a0 <strong>3,6 kg<br \/>\n<\/strong>Box:\u00a0 <strong>2 rails US (montage platine)<\/strong><br \/>\nConstruction: <strong>Full sandwich made in france<\/strong><\/p>\n<div  class='hr hr-short hr-left   avia-builder-el-1  el_after_av_hr  avia-builder-el-last  '><span class='hr-inner ' ><span class='hr-inner-style'><\/span><\/span><\/div>\n","protected":false},"excerpt":{"rendered":"<p>SI PETITE MAIS SI G\u00c9N\u00c9REUSE Si vous cherchez un flotteur pour pousser votre niveau de pratique vers le haut, nul doute que la XS vous comblera. En Wing, lorsque les conditions sont bien en place, ce flotteur se r\u00e9v\u00e8le d\u2019une efficacit\u00e9 redoutable. L\u2019encombrement tr\u00e8s r\u00e9duit et sa l\u00e9g\u00e8ret\u00e9 vous procure de nouvelles sensations de glisse. [&hellip;]<\/p>\n","protected":false},"featured_media":1647,"template":"","meta":[],"product_cat":[59],"product_tag":[],"yoast_head":"<!-- This site is optimized with the Yoast SEO plugin v17.3 - https:\/\/yoast.com\/wordpress\/plugins\/seo\/ -->\n<title>WING MAX XS - Elix Funboard<\/title>\n<meta name=\"robots\" content=\"index, follow, max-snippet:-1, max-image-preview:large, max-video-preview:-1\" \/>\n<link rel=\"canonical\" href=\"https:\/\/www.elix-funboard.com\/index.php\/produit\/wing-max-xs\/\" \/>\n<meta property=\"og:locale\" content=\"fr_FR\" \/>\n<meta property=\"og:type\" content=\"article\" \/>\n<meta property=\"og:title\" content=\"WING MAX XS - Elix Funboard\" \/>\n<meta property=\"og:description\" content=\"SI PETITE MAIS SI G\u00c9N\u00c9REUSE Si vous cherchez un flotteur pour pousser votre niveau de pratique vers le haut, nul doute que la XS vous comblera. En Wing, lorsque les conditions sont bien en place, ce flotteur se r\u00e9v\u00e8le d\u2019une efficacit\u00e9 redoutable. L\u2019encombrement tr\u00e8s r\u00e9duit et sa l\u00e9g\u00e8ret\u00e9 vous procure de nouvelles sensations de glisse. [&hellip;]\" \/>\n<meta property=\"og:url\" content=\"https:\/\/www.elix-funboard.com\/index.php\/produit\/wing-max-xs\/\" \/>\n<meta property=\"og:site_name\" content=\"Elix Funboard\" \/>\n<meta property=\"article:publisher\" content=\"https:\/\/fr-fr.facebook.com\/Elix-funboard-616040088418393\/\" \/>\n<meta property=\"article:modified_time\" content=\"2021-10-16T15:47:42+00:00\" \/>\n<meta property=\"og:image\" content=\"https:\/\/www.elix-funboard.com\/wp-content\/uploads\/2021\/10\/wingmax-xs-pont.png\" \/>\n\t<meta property=\"og:image:width\" content=\"1000\" \/>\n\t<meta property=\"og:image:height\" content=\"1000\" \/>\n<meta name=\"twitter:card\" content=\"summary_large_image\" \/>\n<meta name=\"twitter:site\" content=\"@elixfunboard\" \/>\n<meta name=\"twitter:label1\" content=\"Dur\u00e9e de lecture estim\u00e9e\" \/>\n\t<meta name=\"twitter:data1\" content=\"1 minute\" \/>\n<script type=\"application\/ld+json\" class=\"yoast-schema-graph\">{\"@context\":\"https:\/\/schema.org\",\"@graph\":[{\"@type\":\"Organization\",\"@id\":\"https:\/\/www.elix-funboard.com\/#organization\",\"name\":\"Elix Funboard\",\"url\":\"https:\/\/www.elix-funboard.com\/\",\"sameAs\":[\"https:\/\/fr-fr.facebook.com\/Elix-funboard-616040088418393\/\",\"https:\/\/www.instagram.com\/elixfunboard\/\",\"https:\/\/twitter.com\/elixfunboard\"],\"logo\":{\"@type\":\"ImageObject\",\"@id\":\"https:\/\/www.elix-funboard.com\/#logo\",\"inLanguage\":\"fr-FR\",\"url\":\"https:\/\/www.elix-funboard.com\/wp-content\/uploads\/2019\/10\/logo-gaulois-top.png\",\"contentUrl\":\"https:\/\/www.elix-funboard.com\/wp-content\/uploads\/2019\/10\/logo-gaulois-top.png\",\"width\":340,\"height\":156,\"caption\":\"Elix Funboard\"},\"image\":{\"@id\":\"https:\/\/www.elix-funboard.com\/#logo\"}},{\"@type\":\"WebSite\",\"@id\":\"https:\/\/www.elix-funboard.com\/#website\",\"url\":\"https:\/\/www.elix-funboard.com\/\",\"name\":\"Elix Funboard\",\"description\":\"\",\"publisher\":{\"@id\":\"https:\/\/www.elix-funboard.com\/#organization\"},\"potentialAction\":[{\"@type\":\"SearchAction\",\"target\":{\"@type\":\"EntryPoint\",\"urlTemplate\":\"https:\/\/www.elix-funboard.com\/?s={search_term_string}\"},\"query-input\":\"required name=search_term_string\"}],\"inLanguage\":\"fr-FR\"},{\"@type\":\"ImageObject\",\"@id\":\"https:\/\/www.elix-funboard.com\/index.php\/produit\/wing-max-xs\/#primaryimage\",\"inLanguage\":\"fr-FR\",\"url\":\"https:\/\/www.elix-funboard.com\/wp-content\/uploads\/2021\/10\/wingmax-xs-pont.png\",\"contentUrl\":\"https:\/\/www.elix-funboard.com\/wp-content\/uploads\/2021\/10\/wingmax-xs-pont.png\",\"width\":1000,\"height\":1000},{\"@type\":\"WebPage\",\"@id\":\"https:\/\/www.elix-funboard.com\/index.php\/produit\/wing-max-xs\/#webpage\",\"url\":\"https:\/\/www.elix-funboard.com\/index.php\/produit\/wing-max-xs\/\",\"name\":\"WING MAX XS - Elix Funboard\",\"isPartOf\":{\"@id\":\"https:\/\/www.elix-funboard.com\/#website\"},\"primaryImageOfPage\":{\"@id\":\"https:\/\/www.elix-funboard.com\/index.php\/produit\/wing-max-xs\/#primaryimage\"},\"datePublished\":\"2021-10-15T15:42:04+00:00\",\"dateModified\":\"2021-10-16T15:47:42+00:00\",\"breadcrumb\":{\"@id\":\"https:\/\/www.elix-funboard.com\/index.php\/produit\/wing-max-xs\/#breadcrumb\"},\"inLanguage\":\"fr-FR\",\"potentialAction\":[{\"@type\":\"ReadAction\",\"target\":[\"https:\/\/www.elix-funboard.com\/index.php\/produit\/wing-max-xs\/\"]}]},{\"@type\":\"BreadcrumbList\",\"@id\":\"https:\/\/www.elix-funboard.com\/index.php\/produit\/wing-max-xs\/#breadcrumb\",\"itemListElement\":[{\"@type\":\"ListItem\",\"position\":1,\"name\":\"Accueil\",\"item\":\"https:\/\/www.elix-funboard.com\/index.php\/windsurf\/\"},{\"@type\":\"ListItem\",\"position\":2,\"name\":\"Accueil\",\"item\":\"https:\/\/www.elix-funboard.com\/index.php\/windsurf\/\"},{\"@type\":\"ListItem\",\"position\":3,\"name\":\"WING MAX XS\"}]}]}<\/script>\n<!-- \/ Yoast SEO plugin. -->","yoast_head_json":{"title":"WING MAX XS - Elix Funboard","robots":{"index":"index","follow":"follow","max-snippet":"max-snippet:-1","max-image-preview":"max-image-preview:large","max-video-preview":"max-video-preview:-1"},"canonical":"https:\/\/www.elix-funboard.com\/index.php\/produit\/wing-max-xs\/","og_locale":"fr_FR","og_type":"article","og_title":"WING MAX XS - Elix Funboard","og_description":"SI PETITE MAIS SI G\u00c9N\u00c9REUSE Si vous cherchez un flotteur pour pousser votre niveau de pratique vers le haut, nul doute que la XS vous comblera. En Wing, lorsque les conditions sont bien en place, ce flotteur se r\u00e9v\u00e8le d\u2019une efficacit\u00e9 redoutable. L\u2019encombrement tr\u00e8s r\u00e9duit et sa l\u00e9g\u00e8ret\u00e9 vous procure de nouvelles sensations de glisse. [&hellip;]","og_url":"https:\/\/www.elix-funboard.com\/index.php\/produit\/wing-max-xs\/","og_site_name":"Elix Funboard","article_publisher":"https:\/\/fr-fr.facebook.com\/Elix-funboard-616040088418393\/","article_modified_time":"2021-10-16T15:47:42+00:00","og_image":[{"width":1000,"height":1000,"url":"https:\/\/www.elix-funboard.com\/wp-content\/uploads\/2021\/10\/wingmax-xs-pont.png","type":"image\/png"}],"twitter_card":"summary_large_image","twitter_site":"@elixfunboard","twitter_misc":{"Dur\u00e9e de lecture estim\u00e9e":"1 minute"},"schema":{"@context":"https:\/\/schema.org","@graph":[{"@type":"Organization","@id":"https:\/\/www.elix-funboard.com\/#organization","name":"Elix Funboard","url":"https:\/\/www.elix-funboard.com\/","sameAs":["https:\/\/fr-fr.facebook.com\/Elix-funboard-616040088418393\/","https:\/\/www.instagram.com\/elixfunboard\/","https:\/\/twitter.com\/elixfunboard"],"logo":{"@type":"ImageObject","@id":"https:\/\/www.elix-funboard.com\/#logo","inLanguage":"fr-FR","url":"https:\/\/www.elix-funboard.com\/wp-content\/uploads\/2019\/10\/logo-gaulois-top.png","contentUrl":"https:\/\/www.elix-funboard.com\/wp-content\/uploads\/2019\/10\/logo-gaulois-top.png","width":340,"height":156,"caption":"Elix Funboard"},"image":{"@id":"https:\/\/www.elix-funboard.com\/#logo"}},{"@type":"WebSite","@id":"https:\/\/www.elix-funboard.com\/#website","url":"https:\/\/www.elix-funboard.com\/","name":"Elix Funboard","description":"","publisher":{"@id":"https:\/\/www.elix-funboard.com\/#organization"},"potentialAction":[{"@type":"SearchAction","target":{"@type":"EntryPoint","urlTemplate":"https:\/\/www.elix-funboard.com\/?s={search_term_string}"},"query-input":"required name=search_term_string"}],"inLanguage":"fr-FR"},{"@type":"ImageObject","@id":"https:\/\/www.elix-funboard.com\/index.php\/produit\/wing-max-xs\/#primaryimage","inLanguage":"fr-FR","url":"https:\/\/www.elix-funboard.com\/wp-content\/uploads\/2021\/10\/wingmax-xs-pont.png","contentUrl":"https:\/\/www.elix-funboard.com\/wp-content\/uploads\/2021\/10\/wingmax-xs-pont.png","width":1000,"height":1000},{"@type":"WebPage","@id":"https:\/\/www.elix-funboard.com\/index.php\/produit\/wing-max-xs\/#webpage","url":"https:\/\/www.elix-funboard.com\/index.php\/produit\/wing-max-xs\/","name":"WING MAX XS - Elix Funboard","isPartOf":{"@id":"https:\/\/www.elix-funboard.com\/#website"},"primaryImageOfPage":{"@id":"https:\/\/www.elix-funboard.com\/index.php\/produit\/wing-max-xs\/#primaryimage"},"datePublished":"2021-10-15T15:42:04+00:00","dateModified":"2021-10-16T15:47:42+00:00","breadcrumb":{"@id":"https:\/\/www.elix-funboard.com\/index.php\/produit\/wing-max-xs\/#breadcrumb"},"inLanguage":"fr-FR","potentialAction":[{"@type":"ReadAction","target":["https:\/\/www.elix-funboard.com\/index.php\/produit\/wing-max-xs\/"]}]},{"@type":"BreadcrumbList","@id":"https:\/\/www.elix-funboard.com\/index.php\/produit\/wing-max-xs\/#breadcrumb","itemListElement":[{"@type":"ListItem","position":1,"name":"Accueil","item":"https:\/\/www.elix-funboard.com\/index.php\/windsurf\/"},{"@type":"ListItem","position":2,"name":"Accueil","item":"https:\/\/www.elix-funboard.com\/index.php\/windsurf\/"},{"@type":"ListItem","position":3,"name":"WING MAX XS"}]}]}},"_links":{"self":[{"href":"https:\/\/www.elix-funboard.com\/index.php\/wp-json\/wp\/v2\/product\/1611"}],"collection":[{"href":"https:\/\/www.elix-funboard.com\/index.php\/wp-json\/wp\/v2\/product"}],"about":[{"href":"https:\/\/www.elix-funboard.com\/index.php\/wp-json\/wp\/v2\/types\/product"}],"wp:featuredmedia":[{"embeddable":true,"href":"https:\/\/www.elix-funboard.com\/index.php\/wp-json\/wp\/v2\/media\/1647"}],"wp:attachment":[{"href":"https:\/\/www.elix-funboard.com\/index.php\/wp-json\/wp\/v2\/media?parent=1611"}],"wp:term":[{"taxonomy":"product_cat","embeddable":true,"href":"https:\/\/www.elix-funboard.com\/index.php\/wp-json\/wp\/v2\/product_cat?post=1611"},{"taxonomy":"product_tag","embeddable":true,"href":"https:\/\/www.elix-funboard.com\/index.php\/wp-json\/wp\/v2\/product_tag?post=1611"}],"curies":[{"name":"wp","href":"https:\/\/api.w.org\/{rel}","templated":true}]}}