{"id":1626,"date":"2021-10-16T13:51:04","date_gmt":"2021-10-16T11:51:04","guid":{"rendered":"https:\/\/www.elix-funboard.com\/?post_type=product&#038;p=1626"},"modified":"2022-10-17T13:49:32","modified_gmt":"2022-10-17T11:49:32","slug":"wing-max-s","status":"publish","type":"product","link":"https:\/\/www.elix-funboard.com\/index.php\/produit\/wing-max-s\/","title":{"rendered":"WING MAX S"},"content":{"rendered":"<h2><strong>LA R\u00c9F\u00c9RENCE<br \/>\n<\/strong><\/h2>\n<p>Planche de Wing par excellence, ce volume est parfaitement adapt\u00e9 aux riders d\u2019un niveau d\u00e9brouill\u00e9.<\/p>\n<p>Les d\u00e9butants l\u00e9gers pourront tirer leurs premiers bords sans grande difficult\u00e9.<\/p>\n<p>Vous aurez aussi la possibilit\u00e9 d\u2019une conduite avec straps pour une conduite plus pr\u00e9cise voir a\u00e9rienne.<\/p>\n<p>En Supfoil, vous aurez sous les pieds un flotteur compact et joueur, toujours tr\u00e8s accessible.<\/p>\n<p>Vous vous \u00e9tonnerez.<\/p>\n<p>Construction full sandwich sans compromis.<\/p>\n<div  class='hr hr-short hr-left   avia-builder-el-0  el_before_av_hr  avia-builder-el-first  '><span class='hr-inner ' ><span class='hr-inner-style'><\/span><\/span><\/div>\n<p>Longueur: <strong>167 cm<br \/>\n<\/strong>Largeur Max: <strong>69 cm<\/strong><strong><br \/>\n<\/strong>Volume: <strong>90 L<br \/>\n<\/strong>Poids (FN):\u00a0 <strong>6,9 kg<br \/>\n<\/strong>Box:\u00a0 <strong>2 rails US (montage platine)<\/strong><br \/>\nConstruction: <strong>Full sandwich made in france<\/strong><\/p>\n<div  class='hr hr-short hr-left   avia-builder-el-1  el_after_av_hr  avia-builder-el-last  '><span class='hr-inner ' ><span class='hr-inner-style'><\/span><\/span><\/div>\n","protected":false},"excerpt":{"rendered":"<p>LA R\u00c9F\u00c9RENCE Planche de Wing par excellence, ce volume est parfaitement adapt\u00e9 aux riders d\u2019un niveau d\u00e9brouill\u00e9. Les d\u00e9butants l\u00e9gers pourront tirer leurs premiers bords sans grande difficult\u00e9. Vous aurez aussi la possibilit\u00e9 d\u2019une conduite avec straps pour une conduite plus pr\u00e9cise voir a\u00e9rienne. En Supfoil, vous aurez sous les pieds un flotteur compact et [&hellip;]<\/p>\n","protected":false},"featured_media":1649,"template":"","meta":[],"product_cat":[59],"product_tag":[],"yoast_head":"<!-- This site is optimized with the Yoast SEO plugin v17.3 - https:\/\/yoast.com\/wordpress\/plugins\/seo\/ -->\n<title>WING MAX S - Elix Funboard<\/title>\n<meta name=\"robots\" content=\"index, follow, max-snippet:-1, max-image-preview:large, max-video-preview:-1\" \/>\n<link rel=\"canonical\" href=\"https:\/\/www.elix-funboard.com\/index.php\/produit\/wing-max-s\/\" \/>\n<meta property=\"og:locale\" content=\"fr_FR\" \/>\n<meta property=\"og:type\" content=\"article\" \/>\n<meta property=\"og:title\" content=\"WING MAX S - Elix Funboard\" \/>\n<meta property=\"og:description\" content=\"LA R\u00c9F\u00c9RENCE Planche de Wing par excellence, ce volume est parfaitement adapt\u00e9 aux riders d\u2019un niveau d\u00e9brouill\u00e9. Les d\u00e9butants l\u00e9gers pourront tirer leurs premiers bords sans grande difficult\u00e9. Vous aurez aussi la possibilit\u00e9 d\u2019une conduite avec straps pour une conduite plus pr\u00e9cise voir a\u00e9rienne. En Supfoil, vous aurez sous les pieds un flotteur compact et [&hellip;]\" \/>\n<meta property=\"og:url\" content=\"https:\/\/www.elix-funboard.com\/index.php\/produit\/wing-max-s\/\" \/>\n<meta property=\"og:site_name\" content=\"Elix Funboard\" \/>\n<meta property=\"article:publisher\" content=\"https:\/\/fr-fr.facebook.com\/Elix-funboard-616040088418393\/\" \/>\n<meta property=\"article:modified_time\" content=\"2022-10-17T11:49:32+00:00\" \/>\n<meta property=\"og:image\" content=\"https:\/\/www.elix-funboard.com\/wp-content\/uploads\/2021\/10\/wingmax-s-pont.png\" \/>\n\t<meta property=\"og:image:width\" content=\"1000\" \/>\n\t<meta property=\"og:image:height\" content=\"1000\" \/>\n<meta name=\"twitter:card\" content=\"summary_large_image\" \/>\n<meta name=\"twitter:site\" content=\"@elixfunboard\" \/>\n<meta name=\"twitter:label1\" content=\"Dur\u00e9e de lecture estim\u00e9e\" \/>\n\t<meta name=\"twitter:data1\" content=\"1 minute\" \/>\n<script type=\"application\/ld+json\" class=\"yoast-schema-graph\">{\"@context\":\"https:\/\/schema.org\",\"@graph\":[{\"@type\":\"Organization\",\"@id\":\"https:\/\/www.elix-funboard.com\/#organization\",\"name\":\"Elix Funboard\",\"url\":\"https:\/\/www.elix-funboard.com\/\",\"sameAs\":[\"https:\/\/fr-fr.facebook.com\/Elix-funboard-616040088418393\/\",\"https:\/\/www.instagram.com\/elixfunboard\/\",\"https:\/\/twitter.com\/elixfunboard\"],\"logo\":{\"@type\":\"ImageObject\",\"@id\":\"https:\/\/www.elix-funboard.com\/#logo\",\"inLanguage\":\"fr-FR\",\"url\":\"https:\/\/www.elix-funboard.com\/wp-content\/uploads\/2019\/10\/logo-gaulois-top.png\",\"contentUrl\":\"https:\/\/www.elix-funboard.com\/wp-content\/uploads\/2019\/10\/logo-gaulois-top.png\",\"width\":340,\"height\":156,\"caption\":\"Elix Funboard\"},\"image\":{\"@id\":\"https:\/\/www.elix-funboard.com\/#logo\"}},{\"@type\":\"WebSite\",\"@id\":\"https:\/\/www.elix-funboard.com\/#website\",\"url\":\"https:\/\/www.elix-funboard.com\/\",\"name\":\"Elix Funboard\",\"description\":\"\",\"publisher\":{\"@id\":\"https:\/\/www.elix-funboard.com\/#organization\"},\"potentialAction\":[{\"@type\":\"SearchAction\",\"target\":{\"@type\":\"EntryPoint\",\"urlTemplate\":\"https:\/\/www.elix-funboard.com\/?s={search_term_string}\"},\"query-input\":\"required name=search_term_string\"}],\"inLanguage\":\"fr-FR\"},{\"@type\":\"ImageObject\",\"@id\":\"https:\/\/www.elix-funboard.com\/index.php\/produit\/wing-max-s\/#primaryimage\",\"inLanguage\":\"fr-FR\",\"url\":\"https:\/\/www.elix-funboard.com\/wp-content\/uploads\/2021\/10\/wingmax-s-pont.png\",\"contentUrl\":\"https:\/\/www.elix-funboard.com\/wp-content\/uploads\/2021\/10\/wingmax-s-pont.png\",\"width\":1000,\"height\":1000},{\"@type\":\"WebPage\",\"@id\":\"https:\/\/www.elix-funboard.com\/index.php\/produit\/wing-max-s\/#webpage\",\"url\":\"https:\/\/www.elix-funboard.com\/index.php\/produit\/wing-max-s\/\",\"name\":\"WING MAX S - Elix Funboard\",\"isPartOf\":{\"@id\":\"https:\/\/www.elix-funboard.com\/#website\"},\"primaryImageOfPage\":{\"@id\":\"https:\/\/www.elix-funboard.com\/index.php\/produit\/wing-max-s\/#primaryimage\"},\"datePublished\":\"2021-10-16T11:51:04+00:00\",\"dateModified\":\"2022-10-17T11:49:32+00:00\",\"breadcrumb\":{\"@id\":\"https:\/\/www.elix-funboard.com\/index.php\/produit\/wing-max-s\/#breadcrumb\"},\"inLanguage\":\"fr-FR\",\"potentialAction\":[{\"@type\":\"ReadAction\",\"target\":[\"https:\/\/www.elix-funboard.com\/index.php\/produit\/wing-max-s\/\"]}]},{\"@type\":\"BreadcrumbList\",\"@id\":\"https:\/\/www.elix-funboard.com\/index.php\/produit\/wing-max-s\/#breadcrumb\",\"itemListElement\":[{\"@type\":\"ListItem\",\"position\":1,\"name\":\"Accueil\",\"item\":\"https:\/\/www.elix-funboard.com\/index.php\/windsurf\/\"},{\"@type\":\"ListItem\",\"position\":2,\"name\":\"Accueil\",\"item\":\"https:\/\/www.elix-funboard.com\/index.php\/windsurf\/\"},{\"@type\":\"ListItem\",\"position\":3,\"name\":\"WING MAX S\"}]}]}<\/script>\n<!-- \/ Yoast SEO plugin. -->","yoast_head_json":{"title":"WING MAX S - Elix Funboard","robots":{"index":"index","follow":"follow","max-snippet":"max-snippet:-1","max-image-preview":"max-image-preview:large","max-video-preview":"max-video-preview:-1"},"canonical":"https:\/\/www.elix-funboard.com\/index.php\/produit\/wing-max-s\/","og_locale":"fr_FR","og_type":"article","og_title":"WING MAX S - Elix Funboard","og_description":"LA R\u00c9F\u00c9RENCE Planche de Wing par excellence, ce volume est parfaitement adapt\u00e9 aux riders d\u2019un niveau d\u00e9brouill\u00e9. Les d\u00e9butants l\u00e9gers pourront tirer leurs premiers bords sans grande difficult\u00e9. Vous aurez aussi la possibilit\u00e9 d\u2019une conduite avec straps pour une conduite plus pr\u00e9cise voir a\u00e9rienne. En Supfoil, vous aurez sous les pieds un flotteur compact et [&hellip;]","og_url":"https:\/\/www.elix-funboard.com\/index.php\/produit\/wing-max-s\/","og_site_name":"Elix Funboard","article_publisher":"https:\/\/fr-fr.facebook.com\/Elix-funboard-616040088418393\/","article_modified_time":"2022-10-17T11:49:32+00:00","og_image":[{"width":1000,"height":1000,"url":"https:\/\/www.elix-funboard.com\/wp-content\/uploads\/2021\/10\/wingmax-s-pont.png","type":"image\/png"}],"twitter_card":"summary_large_image","twitter_site":"@elixfunboard","twitter_misc":{"Dur\u00e9e de lecture estim\u00e9e":"1 minute"},"schema":{"@context":"https:\/\/schema.org","@graph":[{"@type":"Organization","@id":"https:\/\/www.elix-funboard.com\/#organization","name":"Elix Funboard","url":"https:\/\/www.elix-funboard.com\/","sameAs":["https:\/\/fr-fr.facebook.com\/Elix-funboard-616040088418393\/","https:\/\/www.instagram.com\/elixfunboard\/","https:\/\/twitter.com\/elixfunboard"],"logo":{"@type":"ImageObject","@id":"https:\/\/www.elix-funboard.com\/#logo","inLanguage":"fr-FR","url":"https:\/\/www.elix-funboard.com\/wp-content\/uploads\/2019\/10\/logo-gaulois-top.png","contentUrl":"https:\/\/www.elix-funboard.com\/wp-content\/uploads\/2019\/10\/logo-gaulois-top.png","width":340,"height":156,"caption":"Elix Funboard"},"image":{"@id":"https:\/\/www.elix-funboard.com\/#logo"}},{"@type":"WebSite","@id":"https:\/\/www.elix-funboard.com\/#website","url":"https:\/\/www.elix-funboard.com\/","name":"Elix Funboard","description":"","publisher":{"@id":"https:\/\/www.elix-funboard.com\/#organization"},"potentialAction":[{"@type":"SearchAction","target":{"@type":"EntryPoint","urlTemplate":"https:\/\/www.elix-funboard.com\/?s={search_term_string}"},"query-input":"required name=search_term_string"}],"inLanguage":"fr-FR"},{"@type":"ImageObject","@id":"https:\/\/www.elix-funboard.com\/index.php\/produit\/wing-max-s\/#primaryimage","inLanguage":"fr-FR","url":"https:\/\/www.elix-funboard.com\/wp-content\/uploads\/2021\/10\/wingmax-s-pont.png","contentUrl":"https:\/\/www.elix-funboard.com\/wp-content\/uploads\/2021\/10\/wingmax-s-pont.png","width":1000,"height":1000},{"@type":"WebPage","@id":"https:\/\/www.elix-funboard.com\/index.php\/produit\/wing-max-s\/#webpage","url":"https:\/\/www.elix-funboard.com\/index.php\/produit\/wing-max-s\/","name":"WING MAX S - Elix Funboard","isPartOf":{"@id":"https:\/\/www.elix-funboard.com\/#website"},"primaryImageOfPage":{"@id":"https:\/\/www.elix-funboard.com\/index.php\/produit\/wing-max-s\/#primaryimage"},"datePublished":"2021-10-16T11:51:04+00:00","dateModified":"2022-10-17T11:49:32+00:00","breadcrumb":{"@id":"https:\/\/www.elix-funboard.com\/index.php\/produit\/wing-max-s\/#breadcrumb"},"inLanguage":"fr-FR","potentialAction":[{"@type":"ReadAction","target":["https:\/\/www.elix-funboard.com\/index.php\/produit\/wing-max-s\/"]}]},{"@type":"BreadcrumbList","@id":"https:\/\/www.elix-funboard.com\/index.php\/produit\/wing-max-s\/#breadcrumb","itemListElement":[{"@type":"ListItem","position":1,"name":"Accueil","item":"https:\/\/www.elix-funboard.com\/index.php\/windsurf\/"},{"@type":"ListItem","position":2,"name":"Accueil","item":"https:\/\/www.elix-funboard.com\/index.php\/windsurf\/"},{"@type":"ListItem","position":3,"name":"WING MAX S"}]}]}},"_links":{"self":[{"href":"https:\/\/www.elix-funboard.com\/index.php\/wp-json\/wp\/v2\/product\/1626"}],"collection":[{"href":"https:\/\/www.elix-funboard.com\/index.php\/wp-json\/wp\/v2\/product"}],"about":[{"href":"https:\/\/www.elix-funboard.com\/index.php\/wp-json\/wp\/v2\/types\/product"}],"wp:featuredmedia":[{"embeddable":true,"href":"https:\/\/www.elix-funboard.com\/index.php\/wp-json\/wp\/v2\/media\/1649"}],"wp:attachment":[{"href":"https:\/\/www.elix-funboard.com\/index.php\/wp-json\/wp\/v2\/media?parent=1626"}],"wp:term":[{"taxonomy":"product_cat","embeddable":true,"href":"https:\/\/www.elix-funboard.com\/index.php\/wp-json\/wp\/v2\/product_cat?post=1626"},{"taxonomy":"product_tag","embeddable":true,"href":"https:\/\/www.elix-funboard.com\/index.php\/wp-json\/wp\/v2\/product_tag?post=1626"}],"curies":[{"name":"wp","href":"https:\/\/api.w.org\/{rel}","templated":true}]}}