{"id":1627,"date":"2021-10-16T13:53:43","date_gmt":"2021-10-16T11:53:43","guid":{"rendered":"https:\/\/www.elix-funboard.com\/?post_type=product&#038;p=1627"},"modified":"2025-12-15T14:35:43","modified_gmt":"2025-12-15T13:35:43","slug":"wing-max-m","status":"publish","type":"product","link":"https:\/\/www.elix-funboard.com\/index.php\/produit\/wing-max-m\/","title":{"rendered":"WING MAX M"},"content":{"rendered":"<h2><strong>ELLE SAIT TOUT FAIRE<br \/>\n<\/strong><\/h2>\n<p>Shape multifonction pour toutes les pratiques foils du moment\u00a0: Windfoil, Wing et Supfoil.<\/p>\n<p>-La Max M est dispos\u00e9 \u00e0 vous faire d\u00e9couvrir la <b>wing<\/b> en toute facilit\u00e9.<\/p>\n<p>Elle restera le choix id\u00e9al pour les gabarits de plus de 85 kg.<\/p>\n<p>Volume g\u00e9n\u00e9reux et homog\u00e8ne pour une stabilit\u00e9 rassurante.<\/p>\n<p>-En <b>windfoil<\/b> , ce shape est un r\u00e9gal.<\/p>\n<p>L\u2019approche est totalement Freeride et vous vous orienterez naturellement vers de petites surfaces de voiles.<\/p>\n<p>Vous disposez de 2 rails US pour un montage platine et d\u2019un box Tuttle afin de rendre le flotteur compatible avec l\u2019ensemble des foils du march\u00e9.<\/p>\n<p>Les multiples positions d\u2019inserts vous permettent d\u2019adapter parfaitement vos appuis selon la pratique.<\/p>\n<p>-En <b>Supfoil<\/b>, ce flotteur permet d\u2019exploiter m\u00eame la plus petite houle.<\/p>\n<p>Avec ou sans straps, vous r\u00e9ussirez de longs vols avec la plus grande facilit\u00e9.<\/p>\n<p>Construction Full Sandwich sans compromis<\/p>\n<div  class='hr hr-short hr-left   avia-builder-el-0  el_before_av_hr  avia-builder-el-first  '><span class='hr-inner ' ><span class='hr-inner-style'><\/span><\/span><\/div>\n<p>Longueur: <strong>192 cm<br \/>\n<\/strong>Largeur Max: <strong>73 cm<\/strong><strong><br \/>\n<\/strong>Volume: <strong>120 L<br \/>\n<\/strong>Poids (FN):\u00a0 <strong>8,4 kg<br \/>\n<\/strong>Box:\u00a0 <strong>2 rails US (montage platine) et 1 box tuttle.<\/strong><br \/>\nConstruction: <strong>Full sandwich made in france<\/strong><\/p>\n<div  class='hr hr-short hr-left   avia-builder-el-1  el_after_av_hr  avia-builder-el-last  '><span class='hr-inner ' ><span class='hr-inner-style'><\/span><\/span><\/div>\n","protected":false},"excerpt":{"rendered":"<p>ELLE SAIT TOUT FAIRE Shape multifonction pour toutes les pratiques foils du moment\u00a0: Windfoil, Wing et Supfoil. -La Max M est dispos\u00e9 \u00e0 vous faire d\u00e9couvrir la wing en toute facilit\u00e9. Elle restera le choix id\u00e9al pour les gabarits de plus de 85 kg. Volume g\u00e9n\u00e9reux et homog\u00e8ne pour une stabilit\u00e9 rassurante. -En windfoil , [&hellip;]<\/p>\n","protected":false},"featured_media":1652,"template":"","meta":[],"product_cat":[59],"product_tag":[],"yoast_head":"<!-- This site is optimized with the Yoast SEO plugin v17.3 - https:\/\/yoast.com\/wordpress\/plugins\/seo\/ -->\n<title>WING MAX M - Elix Funboard<\/title>\n<meta name=\"robots\" content=\"index, follow, max-snippet:-1, max-image-preview:large, max-video-preview:-1\" \/>\n<link rel=\"canonical\" href=\"https:\/\/www.elix-funboard.com\/index.php\/produit\/wing-max-m\/\" \/>\n<meta property=\"og:locale\" content=\"fr_FR\" \/>\n<meta property=\"og:type\" content=\"article\" \/>\n<meta property=\"og:title\" content=\"WING MAX M - Elix Funboard\" \/>\n<meta property=\"og:description\" content=\"ELLE SAIT TOUT FAIRE Shape multifonction pour toutes les pratiques foils du moment\u00a0: Windfoil, Wing et Supfoil. -La Max M est dispos\u00e9 \u00e0 vous faire d\u00e9couvrir la wing en toute facilit\u00e9. Elle restera le choix id\u00e9al pour les gabarits de plus de 85 kg. Volume g\u00e9n\u00e9reux et homog\u00e8ne pour une stabilit\u00e9 rassurante. -En windfoil , [&hellip;]\" \/>\n<meta property=\"og:url\" content=\"https:\/\/www.elix-funboard.com\/index.php\/produit\/wing-max-m\/\" \/>\n<meta property=\"og:site_name\" content=\"Elix Funboard\" \/>\n<meta property=\"article:publisher\" content=\"https:\/\/fr-fr.facebook.com\/Elix-funboard-616040088418393\/\" \/>\n<meta property=\"article:modified_time\" content=\"2025-12-15T13:35:43+00:00\" \/>\n<meta property=\"og:image\" content=\"https:\/\/www.elix-funboard.com\/wp-content\/uploads\/2021\/10\/wingmax-m-pont.png\" \/>\n\t<meta property=\"og:image:width\" content=\"1000\" \/>\n\t<meta property=\"og:image:height\" content=\"1000\" \/>\n<meta name=\"twitter:card\" content=\"summary_large_image\" \/>\n<meta name=\"twitter:site\" content=\"@elixfunboard\" \/>\n<meta name=\"twitter:label1\" content=\"Dur\u00e9e de lecture estim\u00e9e\" \/>\n\t<meta name=\"twitter:data1\" content=\"2 minutes\" \/>\n<script type=\"application\/ld+json\" class=\"yoast-schema-graph\">{\"@context\":\"https:\/\/schema.org\",\"@graph\":[{\"@type\":\"Organization\",\"@id\":\"https:\/\/www.elix-funboard.com\/#organization\",\"name\":\"Elix Funboard\",\"url\":\"https:\/\/www.elix-funboard.com\/\",\"sameAs\":[\"https:\/\/fr-fr.facebook.com\/Elix-funboard-616040088418393\/\",\"https:\/\/www.instagram.com\/elixfunboard\/\",\"https:\/\/twitter.com\/elixfunboard\"],\"logo\":{\"@type\":\"ImageObject\",\"@id\":\"https:\/\/www.elix-funboard.com\/#logo\",\"inLanguage\":\"fr-FR\",\"url\":\"https:\/\/www.elix-funboard.com\/wp-content\/uploads\/2019\/10\/logo-gaulois-top.png\",\"contentUrl\":\"https:\/\/www.elix-funboard.com\/wp-content\/uploads\/2019\/10\/logo-gaulois-top.png\",\"width\":340,\"height\":156,\"caption\":\"Elix Funboard\"},\"image\":{\"@id\":\"https:\/\/www.elix-funboard.com\/#logo\"}},{\"@type\":\"WebSite\",\"@id\":\"https:\/\/www.elix-funboard.com\/#website\",\"url\":\"https:\/\/www.elix-funboard.com\/\",\"name\":\"Elix Funboard\",\"description\":\"\",\"publisher\":{\"@id\":\"https:\/\/www.elix-funboard.com\/#organization\"},\"potentialAction\":[{\"@type\":\"SearchAction\",\"target\":{\"@type\":\"EntryPoint\",\"urlTemplate\":\"https:\/\/www.elix-funboard.com\/?s={search_term_string}\"},\"query-input\":\"required name=search_term_string\"}],\"inLanguage\":\"fr-FR\"},{\"@type\":\"ImageObject\",\"@id\":\"https:\/\/www.elix-funboard.com\/index.php\/produit\/wing-max-m\/#primaryimage\",\"inLanguage\":\"fr-FR\",\"url\":\"https:\/\/www.elix-funboard.com\/wp-content\/uploads\/2021\/10\/wingmax-m-pont.png\",\"contentUrl\":\"https:\/\/www.elix-funboard.com\/wp-content\/uploads\/2021\/10\/wingmax-m-pont.png\",\"width\":1000,\"height\":1000},{\"@type\":\"WebPage\",\"@id\":\"https:\/\/www.elix-funboard.com\/index.php\/produit\/wing-max-m\/#webpage\",\"url\":\"https:\/\/www.elix-funboard.com\/index.php\/produit\/wing-max-m\/\",\"name\":\"WING MAX M - Elix Funboard\",\"isPartOf\":{\"@id\":\"https:\/\/www.elix-funboard.com\/#website\"},\"primaryImageOfPage\":{\"@id\":\"https:\/\/www.elix-funboard.com\/index.php\/produit\/wing-max-m\/#primaryimage\"},\"datePublished\":\"2021-10-16T11:53:43+00:00\",\"dateModified\":\"2025-12-15T13:35:43+00:00\",\"breadcrumb\":{\"@id\":\"https:\/\/www.elix-funboard.com\/index.php\/produit\/wing-max-m\/#breadcrumb\"},\"inLanguage\":\"fr-FR\",\"potentialAction\":[{\"@type\":\"ReadAction\",\"target\":[\"https:\/\/www.elix-funboard.com\/index.php\/produit\/wing-max-m\/\"]}]},{\"@type\":\"BreadcrumbList\",\"@id\":\"https:\/\/www.elix-funboard.com\/index.php\/produit\/wing-max-m\/#breadcrumb\",\"itemListElement\":[{\"@type\":\"ListItem\",\"position\":1,\"name\":\"Accueil\",\"item\":\"https:\/\/www.elix-funboard.com\/index.php\/windsurf\/\"},{\"@type\":\"ListItem\",\"position\":2,\"name\":\"Accueil\",\"item\":\"https:\/\/www.elix-funboard.com\/index.php\/windsurf\/\"},{\"@type\":\"ListItem\",\"position\":3,\"name\":\"WING MAX M\"}]}]}<\/script>\n<!-- \/ Yoast SEO plugin. -->","yoast_head_json":{"title":"WING MAX M - Elix Funboard","robots":{"index":"index","follow":"follow","max-snippet":"max-snippet:-1","max-image-preview":"max-image-preview:large","max-video-preview":"max-video-preview:-1"},"canonical":"https:\/\/www.elix-funboard.com\/index.php\/produit\/wing-max-m\/","og_locale":"fr_FR","og_type":"article","og_title":"WING MAX M - Elix Funboard","og_description":"ELLE SAIT TOUT FAIRE Shape multifonction pour toutes les pratiques foils du moment\u00a0: Windfoil, Wing et Supfoil. -La Max M est dispos\u00e9 \u00e0 vous faire d\u00e9couvrir la wing en toute facilit\u00e9. Elle restera le choix id\u00e9al pour les gabarits de plus de 85 kg. Volume g\u00e9n\u00e9reux et homog\u00e8ne pour une stabilit\u00e9 rassurante. -En windfoil , [&hellip;]","og_url":"https:\/\/www.elix-funboard.com\/index.php\/produit\/wing-max-m\/","og_site_name":"Elix Funboard","article_publisher":"https:\/\/fr-fr.facebook.com\/Elix-funboard-616040088418393\/","article_modified_time":"2025-12-15T13:35:43+00:00","og_image":[{"width":1000,"height":1000,"url":"https:\/\/www.elix-funboard.com\/wp-content\/uploads\/2021\/10\/wingmax-m-pont.png","type":"image\/png"}],"twitter_card":"summary_large_image","twitter_site":"@elixfunboard","twitter_misc":{"Dur\u00e9e de lecture estim\u00e9e":"2 minutes"},"schema":{"@context":"https:\/\/schema.org","@graph":[{"@type":"Organization","@id":"https:\/\/www.elix-funboard.com\/#organization","name":"Elix Funboard","url":"https:\/\/www.elix-funboard.com\/","sameAs":["https:\/\/fr-fr.facebook.com\/Elix-funboard-616040088418393\/","https:\/\/www.instagram.com\/elixfunboard\/","https:\/\/twitter.com\/elixfunboard"],"logo":{"@type":"ImageObject","@id":"https:\/\/www.elix-funboard.com\/#logo","inLanguage":"fr-FR","url":"https:\/\/www.elix-funboard.com\/wp-content\/uploads\/2019\/10\/logo-gaulois-top.png","contentUrl":"https:\/\/www.elix-funboard.com\/wp-content\/uploads\/2019\/10\/logo-gaulois-top.png","width":340,"height":156,"caption":"Elix Funboard"},"image":{"@id":"https:\/\/www.elix-funboard.com\/#logo"}},{"@type":"WebSite","@id":"https:\/\/www.elix-funboard.com\/#website","url":"https:\/\/www.elix-funboard.com\/","name":"Elix Funboard","description":"","publisher":{"@id":"https:\/\/www.elix-funboard.com\/#organization"},"potentialAction":[{"@type":"SearchAction","target":{"@type":"EntryPoint","urlTemplate":"https:\/\/www.elix-funboard.com\/?s={search_term_string}"},"query-input":"required name=search_term_string"}],"inLanguage":"fr-FR"},{"@type":"ImageObject","@id":"https:\/\/www.elix-funboard.com\/index.php\/produit\/wing-max-m\/#primaryimage","inLanguage":"fr-FR","url":"https:\/\/www.elix-funboard.com\/wp-content\/uploads\/2021\/10\/wingmax-m-pont.png","contentUrl":"https:\/\/www.elix-funboard.com\/wp-content\/uploads\/2021\/10\/wingmax-m-pont.png","width":1000,"height":1000},{"@type":"WebPage","@id":"https:\/\/www.elix-funboard.com\/index.php\/produit\/wing-max-m\/#webpage","url":"https:\/\/www.elix-funboard.com\/index.php\/produit\/wing-max-m\/","name":"WING MAX M - Elix Funboard","isPartOf":{"@id":"https:\/\/www.elix-funboard.com\/#website"},"primaryImageOfPage":{"@id":"https:\/\/www.elix-funboard.com\/index.php\/produit\/wing-max-m\/#primaryimage"},"datePublished":"2021-10-16T11:53:43+00:00","dateModified":"2025-12-15T13:35:43+00:00","breadcrumb":{"@id":"https:\/\/www.elix-funboard.com\/index.php\/produit\/wing-max-m\/#breadcrumb"},"inLanguage":"fr-FR","potentialAction":[{"@type":"ReadAction","target":["https:\/\/www.elix-funboard.com\/index.php\/produit\/wing-max-m\/"]}]},{"@type":"BreadcrumbList","@id":"https:\/\/www.elix-funboard.com\/index.php\/produit\/wing-max-m\/#breadcrumb","itemListElement":[{"@type":"ListItem","position":1,"name":"Accueil","item":"https:\/\/www.elix-funboard.com\/index.php\/windsurf\/"},{"@type":"ListItem","position":2,"name":"Accueil","item":"https:\/\/www.elix-funboard.com\/index.php\/windsurf\/"},{"@type":"ListItem","position":3,"name":"WING MAX M"}]}]}},"_links":{"self":[{"href":"https:\/\/www.elix-funboard.com\/index.php\/wp-json\/wp\/v2\/product\/1627"}],"collection":[{"href":"https:\/\/www.elix-funboard.com\/index.php\/wp-json\/wp\/v2\/product"}],"about":[{"href":"https:\/\/www.elix-funboard.com\/index.php\/wp-json\/wp\/v2\/types\/product"}],"wp:featuredmedia":[{"embeddable":true,"href":"https:\/\/www.elix-funboard.com\/index.php\/wp-json\/wp\/v2\/media\/1652"}],"wp:attachment":[{"href":"https:\/\/www.elix-funboard.com\/index.php\/wp-json\/wp\/v2\/media?parent=1627"}],"wp:term":[{"taxonomy":"product_cat","embeddable":true,"href":"https:\/\/www.elix-funboard.com\/index.php\/wp-json\/wp\/v2\/product_cat?post=1627"},{"taxonomy":"product_tag","embeddable":true,"href":"https:\/\/www.elix-funboard.com\/index.php\/wp-json\/wp\/v2\/product_tag?post=1627"}],"curies":[{"name":"wp","href":"https:\/\/api.w.org\/{rel}","templated":true}]}}