{"id":1888,"date":"2023-03-20T15:10:34","date_gmt":"2023-03-20T14:10:34","guid":{"rendered":"https:\/\/www.elix-funboard.com\/?post_type=product&#038;p=1888"},"modified":"2023-03-20T16:46:41","modified_gmt":"2023-03-20T15:46:41","slug":"r1x-xs-2","status":"publish","type":"product","link":"https:\/\/www.elix-funboard.com\/index.php\/produit\/r1x-xs-2\/","title":{"rendered":"R1X-XS occasion"},"content":{"rendered":"","protected":false},"excerpt":{"rendered":"<p>Planche d&rsquo;occasion. Bon \u00e9tat g\u00e9n\u00e9ral. <\/p>\n<p><strong>Vendue sans straps.<\/strong><\/p>\n<p>Pack visserie neuf inclu.<\/p>\n","protected":false},"featured_media":1902,"template":"","meta":[],"product_cat":[33],"product_tag":[],"yoast_head":"<!-- This site is optimized with the Yoast SEO plugin v17.3 - https:\/\/yoast.com\/wordpress\/plugins\/seo\/ -->\n<title>R1X-XS occasion - Elix Funboard<\/title>\n<meta name=\"robots\" content=\"index, follow, max-snippet:-1, max-image-preview:large, max-video-preview:-1\" \/>\n<link rel=\"canonical\" href=\"https:\/\/www.elix-funboard.com\/index.php\/produit\/r1x-xs-2\/\" \/>\n<meta property=\"og:locale\" content=\"fr_FR\" \/>\n<meta property=\"og:type\" content=\"article\" \/>\n<meta property=\"og:title\" content=\"R1X-XS occasion - Elix Funboard\" \/>\n<meta property=\"og:description\" content=\"Planche d&#039;occasion. Bon \u00e9tat g\u00e9n\u00e9ral.   Vendue sans straps.  Pack visserie neuf inclu.\" \/>\n<meta property=\"og:url\" content=\"https:\/\/www.elix-funboard.com\/index.php\/produit\/r1x-xs-2\/\" \/>\n<meta property=\"og:site_name\" content=\"Elix Funboard\" \/>\n<meta property=\"article:publisher\" content=\"https:\/\/fr-fr.facebook.com\/Elix-funboard-616040088418393\/\" \/>\n<meta property=\"article:modified_time\" content=\"2023-03-20T15:46:41+00:00\" \/>\n<meta property=\"og:image\" content=\"https:\/\/www.elix-funboard.com\/wp-content\/uploads\/2023\/03\/x1-scaled-e1679325155290.jpg\" \/>\n\t<meta property=\"og:image:width\" content=\"158\" \/>\n\t<meta property=\"og:image:height\" content=\"500\" \/>\n<meta name=\"twitter:card\" content=\"summary_large_image\" \/>\n<meta name=\"twitter:site\" content=\"@elixfunboard\" \/>\n<script type=\"application\/ld+json\" class=\"yoast-schema-graph\">{\"@context\":\"https:\/\/schema.org\",\"@graph\":[{\"@type\":\"Organization\",\"@id\":\"https:\/\/www.elix-funboard.com\/#organization\",\"name\":\"Elix Funboard\",\"url\":\"https:\/\/www.elix-funboard.com\/\",\"sameAs\":[\"https:\/\/fr-fr.facebook.com\/Elix-funboard-616040088418393\/\",\"https:\/\/www.instagram.com\/elixfunboard\/\",\"https:\/\/twitter.com\/elixfunboard\"],\"logo\":{\"@type\":\"ImageObject\",\"@id\":\"https:\/\/www.elix-funboard.com\/#logo\",\"inLanguage\":\"fr-FR\",\"url\":\"https:\/\/www.elix-funboard.com\/wp-content\/uploads\/2019\/10\/logo-gaulois-top.png\",\"contentUrl\":\"https:\/\/www.elix-funboard.com\/wp-content\/uploads\/2019\/10\/logo-gaulois-top.png\",\"width\":340,\"height\":156,\"caption\":\"Elix Funboard\"},\"image\":{\"@id\":\"https:\/\/www.elix-funboard.com\/#logo\"}},{\"@type\":\"WebSite\",\"@id\":\"https:\/\/www.elix-funboard.com\/#website\",\"url\":\"https:\/\/www.elix-funboard.com\/\",\"name\":\"Elix Funboard\",\"description\":\"\",\"publisher\":{\"@id\":\"https:\/\/www.elix-funboard.com\/#organization\"},\"potentialAction\":[{\"@type\":\"SearchAction\",\"target\":{\"@type\":\"EntryPoint\",\"urlTemplate\":\"https:\/\/www.elix-funboard.com\/?s={search_term_string}\"},\"query-input\":\"required name=search_term_string\"}],\"inLanguage\":\"fr-FR\"},{\"@type\":\"ImageObject\",\"@id\":\"https:\/\/www.elix-funboard.com\/index.php\/produit\/r1x-xs-2\/#primaryimage\",\"inLanguage\":\"fr-FR\",\"url\":\"https:\/\/www.elix-funboard.com\/wp-content\/uploads\/2023\/03\/x1-scaled-e1679325155290.jpg\",\"contentUrl\":\"https:\/\/www.elix-funboard.com\/wp-content\/uploads\/2023\/03\/x1-scaled-e1679325155290.jpg\",\"width\":158,\"height\":500},{\"@type\":\"WebPage\",\"@id\":\"https:\/\/www.elix-funboard.com\/index.php\/produit\/r1x-xs-2\/#webpage\",\"url\":\"https:\/\/www.elix-funboard.com\/index.php\/produit\/r1x-xs-2\/\",\"name\":\"R1X-XS occasion - Elix Funboard\",\"isPartOf\":{\"@id\":\"https:\/\/www.elix-funboard.com\/#website\"},\"primaryImageOfPage\":{\"@id\":\"https:\/\/www.elix-funboard.com\/index.php\/produit\/r1x-xs-2\/#primaryimage\"},\"datePublished\":\"2023-03-20T14:10:34+00:00\",\"dateModified\":\"2023-03-20T15:46:41+00:00\",\"breadcrumb\":{\"@id\":\"https:\/\/www.elix-funboard.com\/index.php\/produit\/r1x-xs-2\/#breadcrumb\"},\"inLanguage\":\"fr-FR\",\"potentialAction\":[{\"@type\":\"ReadAction\",\"target\":[\"https:\/\/www.elix-funboard.com\/index.php\/produit\/r1x-xs-2\/\"]}]},{\"@type\":\"BreadcrumbList\",\"@id\":\"https:\/\/www.elix-funboard.com\/index.php\/produit\/r1x-xs-2\/#breadcrumb\",\"itemListElement\":[{\"@type\":\"ListItem\",\"position\":1,\"name\":\"Accueil\",\"item\":\"https:\/\/www.elix-funboard.com\/index.php\/windsurf\/\"},{\"@type\":\"ListItem\",\"position\":2,\"name\":\"Accueil\",\"item\":\"https:\/\/www.elix-funboard.com\/index.php\/windsurf\/\"},{\"@type\":\"ListItem\",\"position\":3,\"name\":\"R1X-XS occasion\"}]}]}<\/script>\n<!-- \/ Yoast SEO plugin. -->","yoast_head_json":{"title":"R1X-XS occasion - Elix Funboard","robots":{"index":"index","follow":"follow","max-snippet":"max-snippet:-1","max-image-preview":"max-image-preview:large","max-video-preview":"max-video-preview:-1"},"canonical":"https:\/\/www.elix-funboard.com\/index.php\/produit\/r1x-xs-2\/","og_locale":"fr_FR","og_type":"article","og_title":"R1X-XS occasion - Elix Funboard","og_description":"Planche d'occasion. Bon \u00e9tat g\u00e9n\u00e9ral.   Vendue sans straps.  Pack visserie neuf inclu.","og_url":"https:\/\/www.elix-funboard.com\/index.php\/produit\/r1x-xs-2\/","og_site_name":"Elix Funboard","article_publisher":"https:\/\/fr-fr.facebook.com\/Elix-funboard-616040088418393\/","article_modified_time":"2023-03-20T15:46:41+00:00","og_image":[{"width":158,"height":500,"url":"https:\/\/www.elix-funboard.com\/wp-content\/uploads\/2023\/03\/x1-scaled-e1679325155290.jpg","type":"image\/jpeg"}],"twitter_card":"summary_large_image","twitter_site":"@elixfunboard","schema":{"@context":"https:\/\/schema.org","@graph":[{"@type":"Organization","@id":"https:\/\/www.elix-funboard.com\/#organization","name":"Elix Funboard","url":"https:\/\/www.elix-funboard.com\/","sameAs":["https:\/\/fr-fr.facebook.com\/Elix-funboard-616040088418393\/","https:\/\/www.instagram.com\/elixfunboard\/","https:\/\/twitter.com\/elixfunboard"],"logo":{"@type":"ImageObject","@id":"https:\/\/www.elix-funboard.com\/#logo","inLanguage":"fr-FR","url":"https:\/\/www.elix-funboard.com\/wp-content\/uploads\/2019\/10\/logo-gaulois-top.png","contentUrl":"https:\/\/www.elix-funboard.com\/wp-content\/uploads\/2019\/10\/logo-gaulois-top.png","width":340,"height":156,"caption":"Elix Funboard"},"image":{"@id":"https:\/\/www.elix-funboard.com\/#logo"}},{"@type":"WebSite","@id":"https:\/\/www.elix-funboard.com\/#website","url":"https:\/\/www.elix-funboard.com\/","name":"Elix Funboard","description":"","publisher":{"@id":"https:\/\/www.elix-funboard.com\/#organization"},"potentialAction":[{"@type":"SearchAction","target":{"@type":"EntryPoint","urlTemplate":"https:\/\/www.elix-funboard.com\/?s={search_term_string}"},"query-input":"required name=search_term_string"}],"inLanguage":"fr-FR"},{"@type":"ImageObject","@id":"https:\/\/www.elix-funboard.com\/index.php\/produit\/r1x-xs-2\/#primaryimage","inLanguage":"fr-FR","url":"https:\/\/www.elix-funboard.com\/wp-content\/uploads\/2023\/03\/x1-scaled-e1679325155290.jpg","contentUrl":"https:\/\/www.elix-funboard.com\/wp-content\/uploads\/2023\/03\/x1-scaled-e1679325155290.jpg","width":158,"height":500},{"@type":"WebPage","@id":"https:\/\/www.elix-funboard.com\/index.php\/produit\/r1x-xs-2\/#webpage","url":"https:\/\/www.elix-funboard.com\/index.php\/produit\/r1x-xs-2\/","name":"R1X-XS occasion - Elix Funboard","isPartOf":{"@id":"https:\/\/www.elix-funboard.com\/#website"},"primaryImageOfPage":{"@id":"https:\/\/www.elix-funboard.com\/index.php\/produit\/r1x-xs-2\/#primaryimage"},"datePublished":"2023-03-20T14:10:34+00:00","dateModified":"2023-03-20T15:46:41+00:00","breadcrumb":{"@id":"https:\/\/www.elix-funboard.com\/index.php\/produit\/r1x-xs-2\/#breadcrumb"},"inLanguage":"fr-FR","potentialAction":[{"@type":"ReadAction","target":["https:\/\/www.elix-funboard.com\/index.php\/produit\/r1x-xs-2\/"]}]},{"@type":"BreadcrumbList","@id":"https:\/\/www.elix-funboard.com\/index.php\/produit\/r1x-xs-2\/#breadcrumb","itemListElement":[{"@type":"ListItem","position":1,"name":"Accueil","item":"https:\/\/www.elix-funboard.com\/index.php\/windsurf\/"},{"@type":"ListItem","position":2,"name":"Accueil","item":"https:\/\/www.elix-funboard.com\/index.php\/windsurf\/"},{"@type":"ListItem","position":3,"name":"R1X-XS occasion"}]}]}},"_links":{"self":[{"href":"https:\/\/www.elix-funboard.com\/index.php\/wp-json\/wp\/v2\/product\/1888"}],"collection":[{"href":"https:\/\/www.elix-funboard.com\/index.php\/wp-json\/wp\/v2\/product"}],"about":[{"href":"https:\/\/www.elix-funboard.com\/index.php\/wp-json\/wp\/v2\/types\/product"}],"wp:featuredmedia":[{"embeddable":true,"href":"https:\/\/www.elix-funboard.com\/index.php\/wp-json\/wp\/v2\/media\/1902"}],"wp:attachment":[{"href":"https:\/\/www.elix-funboard.com\/index.php\/wp-json\/wp\/v2\/media?parent=1888"}],"wp:term":[{"taxonomy":"product_cat","embeddable":true,"href":"https:\/\/www.elix-funboard.com\/index.php\/wp-json\/wp\/v2\/product_cat?post=1888"},{"taxonomy":"product_tag","embeddable":true,"href":"https:\/\/www.elix-funboard.com\/index.php\/wp-json\/wp\/v2\/product_tag?post=1888"}],"curies":[{"name":"wp","href":"https:\/\/api.w.org\/{rel}","templated":true}]}}