{"id":781,"date":"2019-08-16T13:57:49","date_gmt":"2019-08-16T11:57:49","guid":{"rendered":"https:\/\/www.elix-funboard.com\/?post_type=product&#038;p=781"},"modified":"2022-03-16T10:01:45","modified_gmt":"2022-03-16T09:01:45","slug":"gt1x-l","status":"publish","type":"product","link":"https:\/\/www.elix-funboard.com\/index.php\/produit\/gt1x-l\/","title":{"rendered":"GT1X \u2013 L"},"content":{"rendered":"<h2><strong>LET&rsquo;S PLAY WINDSURF<\/strong><\/h2>\n<div id=\"tab-details\" class=\"wpb_tab ui-tabs-panel wpb_ui-tabs-hide clearfix\" data-tab-icon=\"\">\n<div id=\"tab-details\" class=\"wpb_tab ui-tabs-panel wpb_ui-tabs-hide clearfix\" data-tab-icon=\"\">\n<div class=\"wpb_text_column wpb_content_element \">\n<div class=\"wpb_wrapper\">\n<p>Attention, ce flotteur ne se limite pas \u00e0 une accessibilit\u00e9 hors du commun.<\/p>\n<p>La performance est bien au rendez-vous et vous serez surpris de rivaliser avec des flotteurs con\u00e7us pour la course. Cette 132 litres est g\u00e9n\u00e9reuse. Elle d\u00e9colle t\u00f4t, se conduit sans contrainte et vous permet de jiber comme jamais. Sa largeur mod\u00e9r\u00e9e associ\u00e9e \u00e0 une ligne de scoop harmonieuse et d\u00e9gag\u00e9e sur l\u2019avant, font de cette planche la plus polyvalente de la gamme.<\/p>\n<p><strong><em>Windfoil<\/em>:<\/strong> Ce shape a fait l\u2019objet de tests pour une ergonomie de pont parfaitement adapt\u00e9e \u00e0 la pratique du windfoil.<\/p>\n<p>Vraiment id\u00e9ale en mode d\u00e9couverte, la L permettra beaucoup plus en vous accompagnant tout au long de votre progression.<\/p>\n<div  class='hr hr-short hr-left   avia-builder-el-0  el_before_av_hr  avia-builder-el-first  '><span class='hr-inner ' ><span class='hr-inner-style'><\/span><\/span><\/div>\n<p>Longueur: <strong>245 cm<br \/>\n<\/strong>Largeur Max: <strong>75 cm<br \/>\n<\/strong>\u00c9paisseur Max: <strong>13,2 cm<br \/>\n<\/strong>Largeur OFO<strong>: 51,2 cm<br \/>\n<\/strong>Volume: <strong>132 L<br \/>\n<\/strong>Poids (FN): <strong>7,5 kg<\/strong><\/p>\n<div  class='hr hr-short hr-left   avia-builder-el-1  el_after_av_hr  avia-builder-el-last  '><span class='hr-inner ' ><span class='hr-inner-style'><\/span><\/span><\/div>\n<h4><strong><span style=\"color: #ff0000;\">Inclus \/ Included<\/span><\/strong><\/h4>\n<\/div>\n<\/div>\n<\/div>\n<\/div>\n<p>\u2013 4 Straps DAKINE Primo<br \/>\n\u2013 1 Fin SELECT &gt;S1evo 45 cm Deep Tuttle<\/p>\n<p><a href=\"http:\/\/www.select-hydrofoils.com\/\" target=\"_blank\" rel=\"noopener noreferrer\"><img loading=\"lazy\" class=\"alignnone size-full wp-image-768\" src=\"https:\/\/www.elix-funboard.com\/wp-content\/uploads\/2019\/08\/select-logo.png\" alt=\"\" width=\"150\" height=\"60\" \/><\/a><\/p>\n","protected":false},"excerpt":{"rendered":"<p>LET&rsquo;S PLAY WINDSURF Attention, ce flotteur ne se limite pas \u00e0 une accessibilit\u00e9 hors du commun. La performance est bien au rendez-vous et vous serez surpris de rivaliser avec des flotteurs con\u00e7us pour la course. Cette 132 litres est g\u00e9n\u00e9reuse. Elle d\u00e9colle t\u00f4t, se conduit sans contrainte et vous permet de jiber comme jamais. Sa [&hellip;]<\/p>\n","protected":false},"featured_media":805,"template":"","meta":[],"product_cat":[35],"product_tag":[],"yoast_head":"<!-- This site is optimized with the Yoast SEO plugin v17.3 - https:\/\/yoast.com\/wordpress\/plugins\/seo\/ -->\n<title>GT1X \u2013 L - Elix Funboard<\/title>\n<meta name=\"robots\" content=\"index, follow, max-snippet:-1, max-image-preview:large, max-video-preview:-1\" \/>\n<link rel=\"canonical\" href=\"https:\/\/www.elix-funboard.com\/index.php\/produit\/gt1x-l\/\" \/>\n<meta property=\"og:locale\" content=\"fr_FR\" \/>\n<meta property=\"og:type\" content=\"article\" \/>\n<meta property=\"og:title\" content=\"GT1X \u2013 L - Elix Funboard\" \/>\n<meta property=\"og:description\" content=\"LET&rsquo;S PLAY WINDSURF Attention, ce flotteur ne se limite pas \u00e0 une accessibilit\u00e9 hors du commun. La performance est bien au rendez-vous et vous serez surpris de rivaliser avec des flotteurs con\u00e7us pour la course. Cette 132 litres est g\u00e9n\u00e9reuse. Elle d\u00e9colle t\u00f4t, se conduit sans contrainte et vous permet de jiber comme jamais. Sa [&hellip;]\" \/>\n<meta property=\"og:url\" content=\"https:\/\/www.elix-funboard.com\/index.php\/produit\/gt1x-l\/\" \/>\n<meta property=\"og:site_name\" content=\"Elix Funboard\" \/>\n<meta property=\"article:publisher\" content=\"https:\/\/fr-fr.facebook.com\/Elix-funboard-616040088418393\/\" \/>\n<meta property=\"article:modified_time\" content=\"2022-03-16T09:01:45+00:00\" \/>\n<meta property=\"og:image\" content=\"https:\/\/www.elix-funboard.com\/wp-content\/uploads\/2019\/08\/Elix-GT1X-L-pont.png\" \/>\n\t<meta property=\"og:image:width\" content=\"1000\" \/>\n\t<meta property=\"og:image:height\" content=\"1000\" \/>\n<meta name=\"twitter:card\" content=\"summary_large_image\" \/>\n<meta name=\"twitter:site\" content=\"@elixfunboard\" \/>\n<meta name=\"twitter:label1\" content=\"Dur\u00e9e de lecture estim\u00e9e\" \/>\n\t<meta name=\"twitter:data1\" content=\"2 minutes\" \/>\n<script type=\"application\/ld+json\" class=\"yoast-schema-graph\">{\"@context\":\"https:\/\/schema.org\",\"@graph\":[{\"@type\":\"Organization\",\"@id\":\"https:\/\/www.elix-funboard.com\/#organization\",\"name\":\"Elix Funboard\",\"url\":\"https:\/\/www.elix-funboard.com\/\",\"sameAs\":[\"https:\/\/fr-fr.facebook.com\/Elix-funboard-616040088418393\/\",\"https:\/\/www.instagram.com\/elixfunboard\/\",\"https:\/\/twitter.com\/elixfunboard\"],\"logo\":{\"@type\":\"ImageObject\",\"@id\":\"https:\/\/www.elix-funboard.com\/#logo\",\"inLanguage\":\"fr-FR\",\"url\":\"https:\/\/www.elix-funboard.com\/wp-content\/uploads\/2019\/10\/logo-gaulois-top.png\",\"contentUrl\":\"https:\/\/www.elix-funboard.com\/wp-content\/uploads\/2019\/10\/logo-gaulois-top.png\",\"width\":340,\"height\":156,\"caption\":\"Elix Funboard\"},\"image\":{\"@id\":\"https:\/\/www.elix-funboard.com\/#logo\"}},{\"@type\":\"WebSite\",\"@id\":\"https:\/\/www.elix-funboard.com\/#website\",\"url\":\"https:\/\/www.elix-funboard.com\/\",\"name\":\"Elix Funboard\",\"description\":\"\",\"publisher\":{\"@id\":\"https:\/\/www.elix-funboard.com\/#organization\"},\"potentialAction\":[{\"@type\":\"SearchAction\",\"target\":{\"@type\":\"EntryPoint\",\"urlTemplate\":\"https:\/\/www.elix-funboard.com\/?s={search_term_string}\"},\"query-input\":\"required name=search_term_string\"}],\"inLanguage\":\"fr-FR\"},{\"@type\":\"ImageObject\",\"@id\":\"https:\/\/www.elix-funboard.com\/index.php\/produit\/gt1x-l\/#primaryimage\",\"inLanguage\":\"fr-FR\",\"url\":\"https:\/\/www.elix-funboard.com\/wp-content\/uploads\/2019\/08\/Elix-GT1X-L-pont.png\",\"contentUrl\":\"https:\/\/www.elix-funboard.com\/wp-content\/uploads\/2019\/08\/Elix-GT1X-L-pont.png\",\"width\":1000,\"height\":1000},{\"@type\":\"WebPage\",\"@id\":\"https:\/\/www.elix-funboard.com\/index.php\/produit\/gt1x-l\/#webpage\",\"url\":\"https:\/\/www.elix-funboard.com\/index.php\/produit\/gt1x-l\/\",\"name\":\"GT1X \\u2013 L - Elix Funboard\",\"isPartOf\":{\"@id\":\"https:\/\/www.elix-funboard.com\/#website\"},\"primaryImageOfPage\":{\"@id\":\"https:\/\/www.elix-funboard.com\/index.php\/produit\/gt1x-l\/#primaryimage\"},\"datePublished\":\"2019-08-16T11:57:49+00:00\",\"dateModified\":\"2022-03-16T09:01:45+00:00\",\"breadcrumb\":{\"@id\":\"https:\/\/www.elix-funboard.com\/index.php\/produit\/gt1x-l\/#breadcrumb\"},\"inLanguage\":\"fr-FR\",\"potentialAction\":[{\"@type\":\"ReadAction\",\"target\":[\"https:\/\/www.elix-funboard.com\/index.php\/produit\/gt1x-l\/\"]}]},{\"@type\":\"BreadcrumbList\",\"@id\":\"https:\/\/www.elix-funboard.com\/index.php\/produit\/gt1x-l\/#breadcrumb\",\"itemListElement\":[{\"@type\":\"ListItem\",\"position\":1,\"name\":\"Accueil\",\"item\":\"https:\/\/www.elix-funboard.com\/index.php\/windsurf\/\"},{\"@type\":\"ListItem\",\"position\":2,\"name\":\"Accueil\",\"item\":\"https:\/\/www.elix-funboard.com\/index.php\/windsurf\/\"},{\"@type\":\"ListItem\",\"position\":3,\"name\":\"GT1X \\u2013 L\"}]}]}<\/script>\n<!-- \/ Yoast SEO plugin. -->","yoast_head_json":{"title":"GT1X \u2013 L - Elix Funboard","robots":{"index":"index","follow":"follow","max-snippet":"max-snippet:-1","max-image-preview":"max-image-preview:large","max-video-preview":"max-video-preview:-1"},"canonical":"https:\/\/www.elix-funboard.com\/index.php\/produit\/gt1x-l\/","og_locale":"fr_FR","og_type":"article","og_title":"GT1X \u2013 L - Elix Funboard","og_description":"LET&rsquo;S PLAY WINDSURF Attention, ce flotteur ne se limite pas \u00e0 une accessibilit\u00e9 hors du commun. La performance est bien au rendez-vous et vous serez surpris de rivaliser avec des flotteurs con\u00e7us pour la course. Cette 132 litres est g\u00e9n\u00e9reuse. Elle d\u00e9colle t\u00f4t, se conduit sans contrainte et vous permet de jiber comme jamais. Sa [&hellip;]","og_url":"https:\/\/www.elix-funboard.com\/index.php\/produit\/gt1x-l\/","og_site_name":"Elix Funboard","article_publisher":"https:\/\/fr-fr.facebook.com\/Elix-funboard-616040088418393\/","article_modified_time":"2022-03-16T09:01:45+00:00","og_image":[{"width":1000,"height":1000,"url":"https:\/\/www.elix-funboard.com\/wp-content\/uploads\/2019\/08\/Elix-GT1X-L-pont.png","type":"image\/png"}],"twitter_card":"summary_large_image","twitter_site":"@elixfunboard","twitter_misc":{"Dur\u00e9e de lecture estim\u00e9e":"2 minutes"},"schema":{"@context":"https:\/\/schema.org","@graph":[{"@type":"Organization","@id":"https:\/\/www.elix-funboard.com\/#organization","name":"Elix Funboard","url":"https:\/\/www.elix-funboard.com\/","sameAs":["https:\/\/fr-fr.facebook.com\/Elix-funboard-616040088418393\/","https:\/\/www.instagram.com\/elixfunboard\/","https:\/\/twitter.com\/elixfunboard"],"logo":{"@type":"ImageObject","@id":"https:\/\/www.elix-funboard.com\/#logo","inLanguage":"fr-FR","url":"https:\/\/www.elix-funboard.com\/wp-content\/uploads\/2019\/10\/logo-gaulois-top.png","contentUrl":"https:\/\/www.elix-funboard.com\/wp-content\/uploads\/2019\/10\/logo-gaulois-top.png","width":340,"height":156,"caption":"Elix Funboard"},"image":{"@id":"https:\/\/www.elix-funboard.com\/#logo"}},{"@type":"WebSite","@id":"https:\/\/www.elix-funboard.com\/#website","url":"https:\/\/www.elix-funboard.com\/","name":"Elix Funboard","description":"","publisher":{"@id":"https:\/\/www.elix-funboard.com\/#organization"},"potentialAction":[{"@type":"SearchAction","target":{"@type":"EntryPoint","urlTemplate":"https:\/\/www.elix-funboard.com\/?s={search_term_string}"},"query-input":"required name=search_term_string"}],"inLanguage":"fr-FR"},{"@type":"ImageObject","@id":"https:\/\/www.elix-funboard.com\/index.php\/produit\/gt1x-l\/#primaryimage","inLanguage":"fr-FR","url":"https:\/\/www.elix-funboard.com\/wp-content\/uploads\/2019\/08\/Elix-GT1X-L-pont.png","contentUrl":"https:\/\/www.elix-funboard.com\/wp-content\/uploads\/2019\/08\/Elix-GT1X-L-pont.png","width":1000,"height":1000},{"@type":"WebPage","@id":"https:\/\/www.elix-funboard.com\/index.php\/produit\/gt1x-l\/#webpage","url":"https:\/\/www.elix-funboard.com\/index.php\/produit\/gt1x-l\/","name":"GT1X \u2013 L - Elix Funboard","isPartOf":{"@id":"https:\/\/www.elix-funboard.com\/#website"},"primaryImageOfPage":{"@id":"https:\/\/www.elix-funboard.com\/index.php\/produit\/gt1x-l\/#primaryimage"},"datePublished":"2019-08-16T11:57:49+00:00","dateModified":"2022-03-16T09:01:45+00:00","breadcrumb":{"@id":"https:\/\/www.elix-funboard.com\/index.php\/produit\/gt1x-l\/#breadcrumb"},"inLanguage":"fr-FR","potentialAction":[{"@type":"ReadAction","target":["https:\/\/www.elix-funboard.com\/index.php\/produit\/gt1x-l\/"]}]},{"@type":"BreadcrumbList","@id":"https:\/\/www.elix-funboard.com\/index.php\/produit\/gt1x-l\/#breadcrumb","itemListElement":[{"@type":"ListItem","position":1,"name":"Accueil","item":"https:\/\/www.elix-funboard.com\/index.php\/windsurf\/"},{"@type":"ListItem","position":2,"name":"Accueil","item":"https:\/\/www.elix-funboard.com\/index.php\/windsurf\/"},{"@type":"ListItem","position":3,"name":"GT1X \u2013 L"}]}]}},"_links":{"self":[{"href":"https:\/\/www.elix-funboard.com\/index.php\/wp-json\/wp\/v2\/product\/781"}],"collection":[{"href":"https:\/\/www.elix-funboard.com\/index.php\/wp-json\/wp\/v2\/product"}],"about":[{"href":"https:\/\/www.elix-funboard.com\/index.php\/wp-json\/wp\/v2\/types\/product"}],"wp:featuredmedia":[{"embeddable":true,"href":"https:\/\/www.elix-funboard.com\/index.php\/wp-json\/wp\/v2\/media\/805"}],"wp:attachment":[{"href":"https:\/\/www.elix-funboard.com\/index.php\/wp-json\/wp\/v2\/media?parent=781"}],"wp:term":[{"taxonomy":"product_cat","embeddable":true,"href":"https:\/\/www.elix-funboard.com\/index.php\/wp-json\/wp\/v2\/product_cat?post=781"},{"taxonomy":"product_tag","embeddable":true,"href":"https:\/\/www.elix-funboard.com\/index.php\/wp-json\/wp\/v2\/product_tag?post=781"}],"curies":[{"name":"wp","href":"https:\/\/api.w.org\/{rel}","templated":true}]}}