{"id":787,"date":"2019-08-16T14:10:20","date_gmt":"2019-08-16T12:10:20","guid":{"rendered":"https:\/\/www.elix-funboard.com\/?post_type=product&#038;p=787"},"modified":"2021-10-16T17:10:44","modified_gmt":"2021-10-16T15:10:44","slug":"f1x-l","status":"publish","type":"product","link":"https:\/\/www.elix-funboard.com\/index.php\/produit\/f1x-l\/","title":{"rendered":"F1X \u2013 L"},"content":{"rendered":"<div id=\"tab-details\" class=\"wpb_tab ui-tabs-panel wpb_ui-tabs-hide clearfix\" data-tab-icon=\"\">\n<h2><strong>NO LIMIT<\/strong><\/h2>\n<p>Quand Benjamin Tillier nous envoie des photos de la F1X-L lors de back loop bien appuy\u00e9s en 5m2 \u00e0 Tarifa et qu\u2019il nous assure que \u00ab\u00a0\u00e7a passe\u00a0\u00bb, on a du mal \u00e0 imaginer les mensurations de ce nouveau shape.<\/p>\n<p>Cela d\u00e9montre que bien que taill\u00e9e pour le light wind, la L a une ergonomie tr\u00e8s rassurante qui permet de l\u2019oublier.<\/p>\n<p>Sur un format de course, votre attention reste focalis\u00e9 sur votre strat\u00e9gie, la glisse venant naturellement et sans pr\u00e9occupation particuli\u00e8re.<\/p>\n<p>En navigation libre, c\u2019est la planche de 91 cm la plus docile et la plus polyvalente.<\/p>\n<p>Son arri\u00e8re est large pour un bras de levier important mais sans exag\u00e9ration pour rester exploitable par le plus grands nombre.<\/p>\n<p>\u00ab\u00a0Pour une grosse, elle reste m\u00eame sexy\u00a0\u00bb selon Edouard V., po\u00e8te breton.<\/p>\n<div  class='hr hr-short hr-left   avia-builder-el-0  el_before_av_hr  avia-builder-el-first  '><span class='hr-inner ' ><span class='hr-inner-style'><\/span><\/span><\/div>\n<p>Longueur: <strong>225 cm<br \/>\n<\/strong>Largeur Max:<strong>91 cm<br \/>\n<\/strong>\u00c9paisseur Max<strong>: 12,9 cm<br \/>\n<\/strong>Largeur OFO: <strong>81 cm<br \/>\n<\/strong>Volume: <strong>163 L<br \/>\n<\/strong>Poids (FN):\u00a0 <strong>8,6 kg<br \/>\n<\/strong>Box disponible: <strong>Deeptuttle\u00a0\u00a0<\/strong><\/p>\n<div  class='hr hr-short hr-left   avia-builder-el-1  el_after_av_hr  avia-builder-el-last  '><span class='hr-inner ' ><span class='hr-inner-style'><\/span><\/span><\/div>\n<h4><strong><span style=\"color: #ff0000;\">Inclus \/ Included<\/span><\/strong><\/h4>\n<\/div>\n<p>\u2013 4 Straps DAKINE Primo<\/p>\n<h4><span style=\"color: #ff0000;\">Non inclus ! \/ Not included !<br \/>\n<\/span><\/h4>\n<p>\u2013 Select Pro foil F1<\/p>\n<p><a href=\"http:\/\/www.select-hydrofoils.com\/\" target=\"_blank\" rel=\"noopener noreferrer\"><img loading=\"lazy\" class=\"alignnone size-full wp-image-768\" src=\"https:\/\/www.elix-funboard.com\/wp-content\/uploads\/2019\/08\/select-logo.png\" alt=\"\" width=\"150\" height=\"60\" \/><\/a><\/p>\n","protected":false},"excerpt":{"rendered":"<p>NO LIMIT Quand Benjamin Tillier nous envoie des photos de la F1X-L lors de back loop bien appuy\u00e9s en 5m2 \u00e0 Tarifa et qu\u2019il nous assure que \u00ab\u00a0\u00e7a passe\u00a0\u00bb, on a du mal \u00e0 imaginer les mensurations de ce nouveau shape. Cela d\u00e9montre que bien que taill\u00e9e pour le light wind, la L a une [&hellip;]<\/p>\n","protected":false},"featured_media":806,"template":"","meta":[],"product_cat":[36],"product_tag":[],"yoast_head":"<!-- This site is optimized with the Yoast SEO plugin v17.3 - https:\/\/yoast.com\/wordpress\/plugins\/seo\/ -->\n<title>F1X \u2013 L - Elix Funboard<\/title>\n<meta name=\"robots\" content=\"index, follow, max-snippet:-1, max-image-preview:large, max-video-preview:-1\" \/>\n<link rel=\"canonical\" href=\"https:\/\/www.elix-funboard.com\/index.php\/produit\/f1x-l\/\" \/>\n<meta property=\"og:locale\" content=\"fr_FR\" \/>\n<meta property=\"og:type\" content=\"article\" \/>\n<meta property=\"og:title\" content=\"F1X \u2013 L - Elix Funboard\" \/>\n<meta property=\"og:description\" content=\"NO LIMIT Quand Benjamin Tillier nous envoie des photos de la F1X-L lors de back loop bien appuy\u00e9s en 5m2 \u00e0 Tarifa et qu\u2019il nous assure que \u00ab\u00a0\u00e7a passe\u00a0\u00bb, on a du mal \u00e0 imaginer les mensurations de ce nouveau shape. Cela d\u00e9montre que bien que taill\u00e9e pour le light wind, la L a une [&hellip;]\" \/>\n<meta property=\"og:url\" content=\"https:\/\/www.elix-funboard.com\/index.php\/produit\/f1x-l\/\" \/>\n<meta property=\"og:site_name\" content=\"Elix Funboard\" \/>\n<meta property=\"article:publisher\" content=\"https:\/\/fr-fr.facebook.com\/Elix-funboard-616040088418393\/\" \/>\n<meta property=\"article:modified_time\" content=\"2021-10-16T15:10:44+00:00\" \/>\n<meta property=\"og:image\" content=\"https:\/\/www.elix-funboard.com\/wp-content\/uploads\/2019\/08\/Elix-F1X-L-pont.png\" \/>\n\t<meta property=\"og:image:width\" content=\"1000\" \/>\n\t<meta property=\"og:image:height\" content=\"1000\" \/>\n<meta name=\"twitter:card\" content=\"summary_large_image\" \/>\n<meta name=\"twitter:site\" content=\"@elixfunboard\" \/>\n<meta name=\"twitter:label1\" content=\"Dur\u00e9e de lecture estim\u00e9e\" \/>\n\t<meta name=\"twitter:data1\" content=\"2 minutes\" \/>\n<script type=\"application\/ld+json\" class=\"yoast-schema-graph\">{\"@context\":\"https:\/\/schema.org\",\"@graph\":[{\"@type\":\"Organization\",\"@id\":\"https:\/\/www.elix-funboard.com\/#organization\",\"name\":\"Elix Funboard\",\"url\":\"https:\/\/www.elix-funboard.com\/\",\"sameAs\":[\"https:\/\/fr-fr.facebook.com\/Elix-funboard-616040088418393\/\",\"https:\/\/www.instagram.com\/elixfunboard\/\",\"https:\/\/twitter.com\/elixfunboard\"],\"logo\":{\"@type\":\"ImageObject\",\"@id\":\"https:\/\/www.elix-funboard.com\/#logo\",\"inLanguage\":\"fr-FR\",\"url\":\"https:\/\/www.elix-funboard.com\/wp-content\/uploads\/2019\/10\/logo-gaulois-top.png\",\"contentUrl\":\"https:\/\/www.elix-funboard.com\/wp-content\/uploads\/2019\/10\/logo-gaulois-top.png\",\"width\":340,\"height\":156,\"caption\":\"Elix Funboard\"},\"image\":{\"@id\":\"https:\/\/www.elix-funboard.com\/#logo\"}},{\"@type\":\"WebSite\",\"@id\":\"https:\/\/www.elix-funboard.com\/#website\",\"url\":\"https:\/\/www.elix-funboard.com\/\",\"name\":\"Elix Funboard\",\"description\":\"\",\"publisher\":{\"@id\":\"https:\/\/www.elix-funboard.com\/#organization\"},\"potentialAction\":[{\"@type\":\"SearchAction\",\"target\":{\"@type\":\"EntryPoint\",\"urlTemplate\":\"https:\/\/www.elix-funboard.com\/?s={search_term_string}\"},\"query-input\":\"required name=search_term_string\"}],\"inLanguage\":\"fr-FR\"},{\"@type\":\"ImageObject\",\"@id\":\"https:\/\/www.elix-funboard.com\/index.php\/produit\/f1x-l\/#primaryimage\",\"inLanguage\":\"fr-FR\",\"url\":\"https:\/\/www.elix-funboard.com\/wp-content\/uploads\/2019\/08\/Elix-F1X-L-pont.png\",\"contentUrl\":\"https:\/\/www.elix-funboard.com\/wp-content\/uploads\/2019\/08\/Elix-F1X-L-pont.png\",\"width\":1000,\"height\":1000},{\"@type\":\"WebPage\",\"@id\":\"https:\/\/www.elix-funboard.com\/index.php\/produit\/f1x-l\/#webpage\",\"url\":\"https:\/\/www.elix-funboard.com\/index.php\/produit\/f1x-l\/\",\"name\":\"F1X \\u2013 L - Elix Funboard\",\"isPartOf\":{\"@id\":\"https:\/\/www.elix-funboard.com\/#website\"},\"primaryImageOfPage\":{\"@id\":\"https:\/\/www.elix-funboard.com\/index.php\/produit\/f1x-l\/#primaryimage\"},\"datePublished\":\"2019-08-16T12:10:20+00:00\",\"dateModified\":\"2021-10-16T15:10:44+00:00\",\"breadcrumb\":{\"@id\":\"https:\/\/www.elix-funboard.com\/index.php\/produit\/f1x-l\/#breadcrumb\"},\"inLanguage\":\"fr-FR\",\"potentialAction\":[{\"@type\":\"ReadAction\",\"target\":[\"https:\/\/www.elix-funboard.com\/index.php\/produit\/f1x-l\/\"]}]},{\"@type\":\"BreadcrumbList\",\"@id\":\"https:\/\/www.elix-funboard.com\/index.php\/produit\/f1x-l\/#breadcrumb\",\"itemListElement\":[{\"@type\":\"ListItem\",\"position\":1,\"name\":\"Accueil\",\"item\":\"https:\/\/www.elix-funboard.com\/index.php\/windsurf\/\"},{\"@type\":\"ListItem\",\"position\":2,\"name\":\"Accueil\",\"item\":\"https:\/\/www.elix-funboard.com\/index.php\/windsurf\/\"},{\"@type\":\"ListItem\",\"position\":3,\"name\":\"F1X \\u2013 L\"}]}]}<\/script>\n<!-- \/ Yoast SEO plugin. -->","yoast_head_json":{"title":"F1X \u2013 L - Elix Funboard","robots":{"index":"index","follow":"follow","max-snippet":"max-snippet:-1","max-image-preview":"max-image-preview:large","max-video-preview":"max-video-preview:-1"},"canonical":"https:\/\/www.elix-funboard.com\/index.php\/produit\/f1x-l\/","og_locale":"fr_FR","og_type":"article","og_title":"F1X \u2013 L - Elix Funboard","og_description":"NO LIMIT Quand Benjamin Tillier nous envoie des photos de la F1X-L lors de back loop bien appuy\u00e9s en 5m2 \u00e0 Tarifa et qu\u2019il nous assure que \u00ab\u00a0\u00e7a passe\u00a0\u00bb, on a du mal \u00e0 imaginer les mensurations de ce nouveau shape. Cela d\u00e9montre que bien que taill\u00e9e pour le light wind, la L a une [&hellip;]","og_url":"https:\/\/www.elix-funboard.com\/index.php\/produit\/f1x-l\/","og_site_name":"Elix Funboard","article_publisher":"https:\/\/fr-fr.facebook.com\/Elix-funboard-616040088418393\/","article_modified_time":"2021-10-16T15:10:44+00:00","og_image":[{"width":1000,"height":1000,"url":"https:\/\/www.elix-funboard.com\/wp-content\/uploads\/2019\/08\/Elix-F1X-L-pont.png","type":"image\/png"}],"twitter_card":"summary_large_image","twitter_site":"@elixfunboard","twitter_misc":{"Dur\u00e9e de lecture estim\u00e9e":"2 minutes"},"schema":{"@context":"https:\/\/schema.org","@graph":[{"@type":"Organization","@id":"https:\/\/www.elix-funboard.com\/#organization","name":"Elix Funboard","url":"https:\/\/www.elix-funboard.com\/","sameAs":["https:\/\/fr-fr.facebook.com\/Elix-funboard-616040088418393\/","https:\/\/www.instagram.com\/elixfunboard\/","https:\/\/twitter.com\/elixfunboard"],"logo":{"@type":"ImageObject","@id":"https:\/\/www.elix-funboard.com\/#logo","inLanguage":"fr-FR","url":"https:\/\/www.elix-funboard.com\/wp-content\/uploads\/2019\/10\/logo-gaulois-top.png","contentUrl":"https:\/\/www.elix-funboard.com\/wp-content\/uploads\/2019\/10\/logo-gaulois-top.png","width":340,"height":156,"caption":"Elix Funboard"},"image":{"@id":"https:\/\/www.elix-funboard.com\/#logo"}},{"@type":"WebSite","@id":"https:\/\/www.elix-funboard.com\/#website","url":"https:\/\/www.elix-funboard.com\/","name":"Elix Funboard","description":"","publisher":{"@id":"https:\/\/www.elix-funboard.com\/#organization"},"potentialAction":[{"@type":"SearchAction","target":{"@type":"EntryPoint","urlTemplate":"https:\/\/www.elix-funboard.com\/?s={search_term_string}"},"query-input":"required name=search_term_string"}],"inLanguage":"fr-FR"},{"@type":"ImageObject","@id":"https:\/\/www.elix-funboard.com\/index.php\/produit\/f1x-l\/#primaryimage","inLanguage":"fr-FR","url":"https:\/\/www.elix-funboard.com\/wp-content\/uploads\/2019\/08\/Elix-F1X-L-pont.png","contentUrl":"https:\/\/www.elix-funboard.com\/wp-content\/uploads\/2019\/08\/Elix-F1X-L-pont.png","width":1000,"height":1000},{"@type":"WebPage","@id":"https:\/\/www.elix-funboard.com\/index.php\/produit\/f1x-l\/#webpage","url":"https:\/\/www.elix-funboard.com\/index.php\/produit\/f1x-l\/","name":"F1X \u2013 L - Elix Funboard","isPartOf":{"@id":"https:\/\/www.elix-funboard.com\/#website"},"primaryImageOfPage":{"@id":"https:\/\/www.elix-funboard.com\/index.php\/produit\/f1x-l\/#primaryimage"},"datePublished":"2019-08-16T12:10:20+00:00","dateModified":"2021-10-16T15:10:44+00:00","breadcrumb":{"@id":"https:\/\/www.elix-funboard.com\/index.php\/produit\/f1x-l\/#breadcrumb"},"inLanguage":"fr-FR","potentialAction":[{"@type":"ReadAction","target":["https:\/\/www.elix-funboard.com\/index.php\/produit\/f1x-l\/"]}]},{"@type":"BreadcrumbList","@id":"https:\/\/www.elix-funboard.com\/index.php\/produit\/f1x-l\/#breadcrumb","itemListElement":[{"@type":"ListItem","position":1,"name":"Accueil","item":"https:\/\/www.elix-funboard.com\/index.php\/windsurf\/"},{"@type":"ListItem","position":2,"name":"Accueil","item":"https:\/\/www.elix-funboard.com\/index.php\/windsurf\/"},{"@type":"ListItem","position":3,"name":"F1X \u2013 L"}]}]}},"_links":{"self":[{"href":"https:\/\/www.elix-funboard.com\/index.php\/wp-json\/wp\/v2\/product\/787"}],"collection":[{"href":"https:\/\/www.elix-funboard.com\/index.php\/wp-json\/wp\/v2\/product"}],"about":[{"href":"https:\/\/www.elix-funboard.com\/index.php\/wp-json\/wp\/v2\/types\/product"}],"wp:featuredmedia":[{"embeddable":true,"href":"https:\/\/www.elix-funboard.com\/index.php\/wp-json\/wp\/v2\/media\/806"}],"wp:attachment":[{"href":"https:\/\/www.elix-funboard.com\/index.php\/wp-json\/wp\/v2\/media?parent=787"}],"wp:term":[{"taxonomy":"product_cat","embeddable":true,"href":"https:\/\/www.elix-funboard.com\/index.php\/wp-json\/wp\/v2\/product_cat?post=787"},{"taxonomy":"product_tag","embeddable":true,"href":"https:\/\/www.elix-funboard.com\/index.php\/wp-json\/wp\/v2\/product_tag?post=787"}],"curies":[{"name":"wp","href":"https:\/\/api.w.org\/{rel}","templated":true}]}}