{"id":788,"date":"2019-08-16T14:12:11","date_gmt":"2019-08-16T12:12:11","guid":{"rendered":"https:\/\/www.elix-funboard.com\/?post_type=product&#038;p=788"},"modified":"2022-03-16T10:07:52","modified_gmt":"2022-03-16T09:07:52","slug":"fw1x-m","status":"publish","type":"product","link":"https:\/\/www.elix-funboard.com\/index.php\/produit\/fw1x-m\/","title":{"rendered":"FW1X \u2013 M"},"content":{"rendered":"<div id=\"tab-details\" class=\"wpb_tab ui-tabs-panel wpb_ui-tabs-hide clearfix\" data-tab-icon=\"\">\n<h2><strong>LIBERT\u00c9 D&rsquo;EXPRESSION<\/strong><\/h2>\n<p>Extr\u00eamement joueuse , la M se joue v\u00e9ritablement de l\u2019\u00e9tat de la mer.<\/p>\n<p>Un clapot difficile \u00e0 aborder devient imm\u00e9diatement un rampe de saut.<\/p>\n<p>Une zone plate se transforme en skate parc pour des man\u0153uvres dont vous ne pensiez pas \u00eatre capable.<\/p>\n<p>Le montage single fin ou thruster au choix augmente encore la plage d\u2019utilisation et permettra un surf appuy\u00e9 et pr\u00e9cis quand les conditions se pr\u00e9sentent.<\/p>\n<p>Il ne faut pas h\u00e9siter \u00e0 jouer \u00e9galement avec les multiples configurations des straps qui permettent de coller au mieux \u00e0 votre style de navigation.<\/p>\n<p>La FW1X-M est \u00e9quip\u00e9 d\u2019origine d\u2019un aileron X1 Select 29 et de 2 opturateurs pour les boitiers lat\u00e9raux.<\/p>\n<div  class='hr hr-short hr-left   avia-builder-el-0  el_before_av_hr  avia-builder-el-first  '><span class='hr-inner ' ><span class='hr-inner-style'><\/span><\/span><\/div>\n<p>Longueur: <strong>235 cm<br \/>\n<\/strong>Largeur: <strong>61,5 cm<br \/>\n<\/strong>\u00c9paisseur Max:<strong> 11,9 cm<\/strong><strong><br \/>\n<\/strong>Volume: <strong>95 L<br \/>\n<\/strong>Poids (FN):\u00a0<strong> 6,9 kg<br \/>\n<\/strong>Box disponible: <strong>Powerbox+2 mini tuttle<\/strong><\/p>\n<div  class='hr hr-short hr-left   avia-builder-el-1  el_after_av_hr  avia-builder-el-last  '><span class='hr-inner ' ><span class='hr-inner-style'><\/span><\/span><\/div>\n<h4><strong><span style=\"color: #ff0000;\">Inclus \/ Included<\/span><\/strong><\/h4>\n<\/div>\n<p>&#8211; 4 Straps DAKINE Primo<\/p>\n<p>&#8211; Select X1 29 power + 2 obturateurs mini tuttle<\/p>\n<p><a href=\"http:\/\/www.select-hydrofoils.com\/\" target=\"_blank\" rel=\"noopener noreferrer\"><img loading=\"lazy\" class=\"alignnone size-full wp-image-768\" src=\"https:\/\/www.elix-funboard.com\/wp-content\/uploads\/2019\/08\/select-logo.png\" alt=\"\" width=\"150\" height=\"60\" \/><\/a><\/p>\n","protected":false},"excerpt":{"rendered":"<p>LIBERT\u00c9 D&rsquo;EXPRESSION Extr\u00eamement joueuse , la M se joue v\u00e9ritablement de l\u2019\u00e9tat de la mer. Un clapot difficile \u00e0 aborder devient imm\u00e9diatement un rampe de saut. Une zone plate se transforme en skate parc pour des man\u0153uvres dont vous ne pensiez pas \u00eatre capable. Le montage single fin ou thruster au choix augmente encore la [&hellip;]<\/p>\n","protected":false},"featured_media":823,"template":"","meta":[],"product_cat":[37],"product_tag":[],"yoast_head":"<!-- This site is optimized with the Yoast SEO plugin v17.3 - https:\/\/yoast.com\/wordpress\/plugins\/seo\/ -->\n<title>FW1X \u2013 M - Elix Funboard<\/title>\n<meta name=\"robots\" content=\"index, follow, max-snippet:-1, max-image-preview:large, max-video-preview:-1\" \/>\n<link rel=\"canonical\" href=\"https:\/\/www.elix-funboard.com\/index.php\/produit\/fw1x-m\/\" \/>\n<meta property=\"og:locale\" content=\"fr_FR\" \/>\n<meta property=\"og:type\" content=\"article\" \/>\n<meta property=\"og:title\" content=\"FW1X \u2013 M - Elix Funboard\" \/>\n<meta property=\"og:description\" content=\"LIBERT\u00c9 D&rsquo;EXPRESSION Extr\u00eamement joueuse , la M se joue v\u00e9ritablement de l\u2019\u00e9tat de la mer. Un clapot difficile \u00e0 aborder devient imm\u00e9diatement un rampe de saut. Une zone plate se transforme en skate parc pour des man\u0153uvres dont vous ne pensiez pas \u00eatre capable. Le montage single fin ou thruster au choix augmente encore la [&hellip;]\" \/>\n<meta property=\"og:url\" content=\"https:\/\/www.elix-funboard.com\/index.php\/produit\/fw1x-m\/\" \/>\n<meta property=\"og:site_name\" content=\"Elix Funboard\" \/>\n<meta property=\"article:publisher\" content=\"https:\/\/fr-fr.facebook.com\/Elix-funboard-616040088418393\/\" \/>\n<meta property=\"article:modified_time\" content=\"2022-03-16T09:07:52+00:00\" \/>\n<meta property=\"og:image\" content=\"https:\/\/www.elix-funboard.com\/wp-content\/uploads\/2019\/08\/Elix-FW1X-M.png\" \/>\n\t<meta property=\"og:image:width\" content=\"1000\" \/>\n\t<meta property=\"og:image:height\" content=\"1000\" \/>\n<meta name=\"twitter:card\" content=\"summary_large_image\" \/>\n<meta name=\"twitter:site\" content=\"@elixfunboard\" \/>\n<meta name=\"twitter:label1\" content=\"Dur\u00e9e de lecture estim\u00e9e\" \/>\n\t<meta name=\"twitter:data1\" content=\"1 minute\" \/>\n<script type=\"application\/ld+json\" class=\"yoast-schema-graph\">{\"@context\":\"https:\/\/schema.org\",\"@graph\":[{\"@type\":\"Organization\",\"@id\":\"https:\/\/www.elix-funboard.com\/#organization\",\"name\":\"Elix Funboard\",\"url\":\"https:\/\/www.elix-funboard.com\/\",\"sameAs\":[\"https:\/\/fr-fr.facebook.com\/Elix-funboard-616040088418393\/\",\"https:\/\/www.instagram.com\/elixfunboard\/\",\"https:\/\/twitter.com\/elixfunboard\"],\"logo\":{\"@type\":\"ImageObject\",\"@id\":\"https:\/\/www.elix-funboard.com\/#logo\",\"inLanguage\":\"fr-FR\",\"url\":\"https:\/\/www.elix-funboard.com\/wp-content\/uploads\/2019\/10\/logo-gaulois-top.png\",\"contentUrl\":\"https:\/\/www.elix-funboard.com\/wp-content\/uploads\/2019\/10\/logo-gaulois-top.png\",\"width\":340,\"height\":156,\"caption\":\"Elix Funboard\"},\"image\":{\"@id\":\"https:\/\/www.elix-funboard.com\/#logo\"}},{\"@type\":\"WebSite\",\"@id\":\"https:\/\/www.elix-funboard.com\/#website\",\"url\":\"https:\/\/www.elix-funboard.com\/\",\"name\":\"Elix Funboard\",\"description\":\"\",\"publisher\":{\"@id\":\"https:\/\/www.elix-funboard.com\/#organization\"},\"potentialAction\":[{\"@type\":\"SearchAction\",\"target\":{\"@type\":\"EntryPoint\",\"urlTemplate\":\"https:\/\/www.elix-funboard.com\/?s={search_term_string}\"},\"query-input\":\"required name=search_term_string\"}],\"inLanguage\":\"fr-FR\"},{\"@type\":\"ImageObject\",\"@id\":\"https:\/\/www.elix-funboard.com\/index.php\/produit\/fw1x-m\/#primaryimage\",\"inLanguage\":\"fr-FR\",\"url\":\"https:\/\/www.elix-funboard.com\/wp-content\/uploads\/2019\/08\/Elix-FW1X-M.png\",\"contentUrl\":\"https:\/\/www.elix-funboard.com\/wp-content\/uploads\/2019\/08\/Elix-FW1X-M.png\",\"width\":1000,\"height\":1000},{\"@type\":\"WebPage\",\"@id\":\"https:\/\/www.elix-funboard.com\/index.php\/produit\/fw1x-m\/#webpage\",\"url\":\"https:\/\/www.elix-funboard.com\/index.php\/produit\/fw1x-m\/\",\"name\":\"FW1X \\u2013 M - Elix Funboard\",\"isPartOf\":{\"@id\":\"https:\/\/www.elix-funboard.com\/#website\"},\"primaryImageOfPage\":{\"@id\":\"https:\/\/www.elix-funboard.com\/index.php\/produit\/fw1x-m\/#primaryimage\"},\"datePublished\":\"2019-08-16T12:12:11+00:00\",\"dateModified\":\"2022-03-16T09:07:52+00:00\",\"breadcrumb\":{\"@id\":\"https:\/\/www.elix-funboard.com\/index.php\/produit\/fw1x-m\/#breadcrumb\"},\"inLanguage\":\"fr-FR\",\"potentialAction\":[{\"@type\":\"ReadAction\",\"target\":[\"https:\/\/www.elix-funboard.com\/index.php\/produit\/fw1x-m\/\"]}]},{\"@type\":\"BreadcrumbList\",\"@id\":\"https:\/\/www.elix-funboard.com\/index.php\/produit\/fw1x-m\/#breadcrumb\",\"itemListElement\":[{\"@type\":\"ListItem\",\"position\":1,\"name\":\"Accueil\",\"item\":\"https:\/\/www.elix-funboard.com\/index.php\/windsurf\/\"},{\"@type\":\"ListItem\",\"position\":2,\"name\":\"Accueil\",\"item\":\"https:\/\/www.elix-funboard.com\/index.php\/windsurf\/\"},{\"@type\":\"ListItem\",\"position\":3,\"name\":\"FW1X \\u2013 M\"}]}]}<\/script>\n<!-- \/ Yoast SEO plugin. -->","yoast_head_json":{"title":"FW1X \u2013 M - Elix Funboard","robots":{"index":"index","follow":"follow","max-snippet":"max-snippet:-1","max-image-preview":"max-image-preview:large","max-video-preview":"max-video-preview:-1"},"canonical":"https:\/\/www.elix-funboard.com\/index.php\/produit\/fw1x-m\/","og_locale":"fr_FR","og_type":"article","og_title":"FW1X \u2013 M - Elix Funboard","og_description":"LIBERT\u00c9 D&rsquo;EXPRESSION Extr\u00eamement joueuse , la M se joue v\u00e9ritablement de l\u2019\u00e9tat de la mer. Un clapot difficile \u00e0 aborder devient imm\u00e9diatement un rampe de saut. Une zone plate se transforme en skate parc pour des man\u0153uvres dont vous ne pensiez pas \u00eatre capable. Le montage single fin ou thruster au choix augmente encore la [&hellip;]","og_url":"https:\/\/www.elix-funboard.com\/index.php\/produit\/fw1x-m\/","og_site_name":"Elix Funboard","article_publisher":"https:\/\/fr-fr.facebook.com\/Elix-funboard-616040088418393\/","article_modified_time":"2022-03-16T09:07:52+00:00","og_image":[{"width":1000,"height":1000,"url":"https:\/\/www.elix-funboard.com\/wp-content\/uploads\/2019\/08\/Elix-FW1X-M.png","type":"image\/png"}],"twitter_card":"summary_large_image","twitter_site":"@elixfunboard","twitter_misc":{"Dur\u00e9e de lecture estim\u00e9e":"1 minute"},"schema":{"@context":"https:\/\/schema.org","@graph":[{"@type":"Organization","@id":"https:\/\/www.elix-funboard.com\/#organization","name":"Elix Funboard","url":"https:\/\/www.elix-funboard.com\/","sameAs":["https:\/\/fr-fr.facebook.com\/Elix-funboard-616040088418393\/","https:\/\/www.instagram.com\/elixfunboard\/","https:\/\/twitter.com\/elixfunboard"],"logo":{"@type":"ImageObject","@id":"https:\/\/www.elix-funboard.com\/#logo","inLanguage":"fr-FR","url":"https:\/\/www.elix-funboard.com\/wp-content\/uploads\/2019\/10\/logo-gaulois-top.png","contentUrl":"https:\/\/www.elix-funboard.com\/wp-content\/uploads\/2019\/10\/logo-gaulois-top.png","width":340,"height":156,"caption":"Elix Funboard"},"image":{"@id":"https:\/\/www.elix-funboard.com\/#logo"}},{"@type":"WebSite","@id":"https:\/\/www.elix-funboard.com\/#website","url":"https:\/\/www.elix-funboard.com\/","name":"Elix Funboard","description":"","publisher":{"@id":"https:\/\/www.elix-funboard.com\/#organization"},"potentialAction":[{"@type":"SearchAction","target":{"@type":"EntryPoint","urlTemplate":"https:\/\/www.elix-funboard.com\/?s={search_term_string}"},"query-input":"required name=search_term_string"}],"inLanguage":"fr-FR"},{"@type":"ImageObject","@id":"https:\/\/www.elix-funboard.com\/index.php\/produit\/fw1x-m\/#primaryimage","inLanguage":"fr-FR","url":"https:\/\/www.elix-funboard.com\/wp-content\/uploads\/2019\/08\/Elix-FW1X-M.png","contentUrl":"https:\/\/www.elix-funboard.com\/wp-content\/uploads\/2019\/08\/Elix-FW1X-M.png","width":1000,"height":1000},{"@type":"WebPage","@id":"https:\/\/www.elix-funboard.com\/index.php\/produit\/fw1x-m\/#webpage","url":"https:\/\/www.elix-funboard.com\/index.php\/produit\/fw1x-m\/","name":"FW1X \u2013 M - Elix Funboard","isPartOf":{"@id":"https:\/\/www.elix-funboard.com\/#website"},"primaryImageOfPage":{"@id":"https:\/\/www.elix-funboard.com\/index.php\/produit\/fw1x-m\/#primaryimage"},"datePublished":"2019-08-16T12:12:11+00:00","dateModified":"2022-03-16T09:07:52+00:00","breadcrumb":{"@id":"https:\/\/www.elix-funboard.com\/index.php\/produit\/fw1x-m\/#breadcrumb"},"inLanguage":"fr-FR","potentialAction":[{"@type":"ReadAction","target":["https:\/\/www.elix-funboard.com\/index.php\/produit\/fw1x-m\/"]}]},{"@type":"BreadcrumbList","@id":"https:\/\/www.elix-funboard.com\/index.php\/produit\/fw1x-m\/#breadcrumb","itemListElement":[{"@type":"ListItem","position":1,"name":"Accueil","item":"https:\/\/www.elix-funboard.com\/index.php\/windsurf\/"},{"@type":"ListItem","position":2,"name":"Accueil","item":"https:\/\/www.elix-funboard.com\/index.php\/windsurf\/"},{"@type":"ListItem","position":3,"name":"FW1X \u2013 M"}]}]}},"_links":{"self":[{"href":"https:\/\/www.elix-funboard.com\/index.php\/wp-json\/wp\/v2\/product\/788"}],"collection":[{"href":"https:\/\/www.elix-funboard.com\/index.php\/wp-json\/wp\/v2\/product"}],"about":[{"href":"https:\/\/www.elix-funboard.com\/index.php\/wp-json\/wp\/v2\/types\/product"}],"wp:featuredmedia":[{"embeddable":true,"href":"https:\/\/www.elix-funboard.com\/index.php\/wp-json\/wp\/v2\/media\/823"}],"wp:attachment":[{"href":"https:\/\/www.elix-funboard.com\/index.php\/wp-json\/wp\/v2\/media?parent=788"}],"wp:term":[{"taxonomy":"product_cat","embeddable":true,"href":"https:\/\/www.elix-funboard.com\/index.php\/wp-json\/wp\/v2\/product_cat?post=788"},{"taxonomy":"product_tag","embeddable":true,"href":"https:\/\/www.elix-funboard.com\/index.php\/wp-json\/wp\/v2\/product_tag?post=788"}],"curies":[{"name":"wp","href":"https:\/\/api.w.org\/{rel}","templated":true}]}}