{"id":790,"date":"2019-08-16T14:13:32","date_gmt":"2019-08-16T12:13:32","guid":{"rendered":"https:\/\/www.elix-funboard.com\/?post_type=product&#038;p=790"},"modified":"2023-05-14T14:13:08","modified_gmt":"2023-05-14T12:13:08","slug":"wing-max-l","status":"publish","type":"product","link":"https:\/\/www.elix-funboard.com\/index.php\/produit\/wing-max-l\/","title":{"rendered":"WING MAX L"},"content":{"rendered":"<div id=\"tab-details\" class=\"wpb_tab ui-tabs-panel wpb_ui-tabs-hide clearfix\" data-tab-icon=\"\">\n<h2><strong>L\u00c0 O\u00d9 L&rsquo;ON NE L&rsquo;ATTEND PAS<\/strong><em><strong><br \/>\n<\/strong><\/em><\/h2>\n<p>Tr\u00e8s r\u00e9cemment mise en production, la Max suscite chaque jour un vif int\u00e9r\u00eat.<\/p>\n<p>Vous l\u2019avez d\u00e9couverte aux pieds de <em>Benjamin Tillier<\/em> qui la surnomme \u00ab\u00a0le mouton \u00e0 5 pattes\u00a0\u00bb.<\/p>\n<p>Difficile de mettre ce shape dans une case\u00a0:<\/p>\n<p>La Max vous donne acc\u00e8s \u00e0 la pratique du sup, du sup-foil, du windsurf , du wind-foil et du wing-foil.<\/p>\n<p>Ce couteau suisse apporte en plus un confort\u00a0 et une s\u00e9curit\u00e9 surprenante gr\u00e2ce \u00e0 un pont enti\u00e8rement recouvert de mousse EVA. Le relief de surface assure un parfait antid\u00e9rapant.<\/p>\n<p>De multiples inserts vont vous permettrent de l\u2019\u00e9quiper au besoin de straps, aussi bien pour la pratique du sup-foil que du wind-foil.<\/p>\n<p>Le montage du foil sur platine donne une amplitude de r\u00e9glage n\u00e9cessaire aux diff\u00e9rentes pratiques.<\/p>\n<p>Voler sur foil n\u2019a jamais \u00e9t\u00e9 aussi facile.<\/p>\n<div  class='hr hr-short hr-left   avia-builder-el-0  el_before_av_hr  avia-builder-el-first  '><span class='hr-inner ' ><span class='hr-inner-style'><\/span><\/span><\/div>\n<p>Largeur Max: <strong>235 cm<br \/>\n<\/strong>\u00c9paisseur Max<strong>: 11,5 cm<br \/>\n<\/strong>Largeur OFO: <strong>77 cm<br \/>\n<\/strong>Volume: <strong>132 L<br \/>\n<\/strong>Poids (FN):\u00a0 <strong>9,3 kg<br \/>\n<\/strong>Box disponible: <strong>2 rails US pour fixation platine+ 4 box SF compatible FCS<\/strong><\/p>\n<div  class='hr hr-short hr-left   avia-builder-el-1  el_after_av_hr  avia-builder-el-last  '><span class='hr-inner ' ><span class='hr-inner-style'><\/span><\/span><\/div>\n<\/div>\n","protected":false},"excerpt":{"rendered":"<p>L\u00c0 O\u00d9 L&rsquo;ON NE L&rsquo;ATTEND PAS Tr\u00e8s r\u00e9cemment mise en production, la Max suscite chaque jour un vif int\u00e9r\u00eat. Vous l\u2019avez d\u00e9couverte aux pieds de Benjamin Tillier qui la surnomme \u00ab\u00a0le mouton \u00e0 5 pattes\u00a0\u00bb. Difficile de mettre ce shape dans une case\u00a0: La Max vous donne acc\u00e8s \u00e0 la pratique du sup, du sup-foil, [&hellip;]<\/p>\n","protected":false},"featured_media":821,"template":"","meta":[],"product_cat":[59],"product_tag":[],"yoast_head":"<!-- This site is optimized with the Yoast SEO plugin v17.3 - https:\/\/yoast.com\/wordpress\/plugins\/seo\/ -->\n<title>WING MAX L - Elix Funboard<\/title>\n<meta name=\"robots\" content=\"index, follow, max-snippet:-1, max-image-preview:large, max-video-preview:-1\" \/>\n<link rel=\"canonical\" href=\"https:\/\/www.elix-funboard.com\/index.php\/produit\/wing-max-l\/\" \/>\n<meta property=\"og:locale\" content=\"fr_FR\" \/>\n<meta property=\"og:type\" content=\"article\" \/>\n<meta property=\"og:title\" content=\"WING MAX L - Elix Funboard\" \/>\n<meta property=\"og:description\" content=\"L\u00c0 O\u00d9 L&rsquo;ON NE L&rsquo;ATTEND PAS Tr\u00e8s r\u00e9cemment mise en production, la Max suscite chaque jour un vif int\u00e9r\u00eat. Vous l\u2019avez d\u00e9couverte aux pieds de Benjamin Tillier qui la surnomme \u00ab\u00a0le mouton \u00e0 5 pattes\u00a0\u00bb. Difficile de mettre ce shape dans une case\u00a0: La Max vous donne acc\u00e8s \u00e0 la pratique du sup, du sup-foil, [&hellip;]\" \/>\n<meta property=\"og:url\" content=\"https:\/\/www.elix-funboard.com\/index.php\/produit\/wing-max-l\/\" \/>\n<meta property=\"og:site_name\" content=\"Elix Funboard\" \/>\n<meta property=\"article:publisher\" content=\"https:\/\/fr-fr.facebook.com\/Elix-funboard-616040088418393\/\" \/>\n<meta property=\"article:modified_time\" content=\"2023-05-14T12:13:08+00:00\" \/>\n<meta property=\"og:image\" content=\"https:\/\/www.elix-funboard.com\/wp-content\/uploads\/2019\/08\/FW1X-Max-color-pont.png\" \/>\n\t<meta property=\"og:image:width\" content=\"1000\" \/>\n\t<meta property=\"og:image:height\" content=\"1000\" \/>\n<meta name=\"twitter:card\" content=\"summary_large_image\" \/>\n<meta name=\"twitter:site\" content=\"@elixfunboard\" \/>\n<meta name=\"twitter:label1\" content=\"Dur\u00e9e de lecture estim\u00e9e\" \/>\n\t<meta name=\"twitter:data1\" content=\"2 minutes\" \/>\n<script type=\"application\/ld+json\" class=\"yoast-schema-graph\">{\"@context\":\"https:\/\/schema.org\",\"@graph\":[{\"@type\":\"Organization\",\"@id\":\"https:\/\/www.elix-funboard.com\/#organization\",\"name\":\"Elix Funboard\",\"url\":\"https:\/\/www.elix-funboard.com\/\",\"sameAs\":[\"https:\/\/fr-fr.facebook.com\/Elix-funboard-616040088418393\/\",\"https:\/\/www.instagram.com\/elixfunboard\/\",\"https:\/\/twitter.com\/elixfunboard\"],\"logo\":{\"@type\":\"ImageObject\",\"@id\":\"https:\/\/www.elix-funboard.com\/#logo\",\"inLanguage\":\"fr-FR\",\"url\":\"https:\/\/www.elix-funboard.com\/wp-content\/uploads\/2019\/10\/logo-gaulois-top.png\",\"contentUrl\":\"https:\/\/www.elix-funboard.com\/wp-content\/uploads\/2019\/10\/logo-gaulois-top.png\",\"width\":340,\"height\":156,\"caption\":\"Elix Funboard\"},\"image\":{\"@id\":\"https:\/\/www.elix-funboard.com\/#logo\"}},{\"@type\":\"WebSite\",\"@id\":\"https:\/\/www.elix-funboard.com\/#website\",\"url\":\"https:\/\/www.elix-funboard.com\/\",\"name\":\"Elix Funboard\",\"description\":\"\",\"publisher\":{\"@id\":\"https:\/\/www.elix-funboard.com\/#organization\"},\"potentialAction\":[{\"@type\":\"SearchAction\",\"target\":{\"@type\":\"EntryPoint\",\"urlTemplate\":\"https:\/\/www.elix-funboard.com\/?s={search_term_string}\"},\"query-input\":\"required name=search_term_string\"}],\"inLanguage\":\"fr-FR\"},{\"@type\":\"ImageObject\",\"@id\":\"https:\/\/www.elix-funboard.com\/index.php\/produit\/wing-max-l\/#primaryimage\",\"inLanguage\":\"fr-FR\",\"url\":\"https:\/\/www.elix-funboard.com\/wp-content\/uploads\/2019\/08\/FW1X-Max-color-pont.png\",\"contentUrl\":\"https:\/\/www.elix-funboard.com\/wp-content\/uploads\/2019\/08\/FW1X-Max-color-pont.png\",\"width\":1000,\"height\":1000},{\"@type\":\"WebPage\",\"@id\":\"https:\/\/www.elix-funboard.com\/index.php\/produit\/wing-max-l\/#webpage\",\"url\":\"https:\/\/www.elix-funboard.com\/index.php\/produit\/wing-max-l\/\",\"name\":\"WING MAX L - Elix Funboard\",\"isPartOf\":{\"@id\":\"https:\/\/www.elix-funboard.com\/#website\"},\"primaryImageOfPage\":{\"@id\":\"https:\/\/www.elix-funboard.com\/index.php\/produit\/wing-max-l\/#primaryimage\"},\"datePublished\":\"2019-08-16T12:13:32+00:00\",\"dateModified\":\"2023-05-14T12:13:08+00:00\",\"breadcrumb\":{\"@id\":\"https:\/\/www.elix-funboard.com\/index.php\/produit\/wing-max-l\/#breadcrumb\"},\"inLanguage\":\"fr-FR\",\"potentialAction\":[{\"@type\":\"ReadAction\",\"target\":[\"https:\/\/www.elix-funboard.com\/index.php\/produit\/wing-max-l\/\"]}]},{\"@type\":\"BreadcrumbList\",\"@id\":\"https:\/\/www.elix-funboard.com\/index.php\/produit\/wing-max-l\/#breadcrumb\",\"itemListElement\":[{\"@type\":\"ListItem\",\"position\":1,\"name\":\"Accueil\",\"item\":\"https:\/\/www.elix-funboard.com\/index.php\/windsurf\/\"},{\"@type\":\"ListItem\",\"position\":2,\"name\":\"Accueil\",\"item\":\"https:\/\/www.elix-funboard.com\/index.php\/windsurf\/\"},{\"@type\":\"ListItem\",\"position\":3,\"name\":\"WING MAX L\"}]}]}<\/script>\n<!-- \/ Yoast SEO plugin. -->","yoast_head_json":{"title":"WING MAX L - Elix Funboard","robots":{"index":"index","follow":"follow","max-snippet":"max-snippet:-1","max-image-preview":"max-image-preview:large","max-video-preview":"max-video-preview:-1"},"canonical":"https:\/\/www.elix-funboard.com\/index.php\/produit\/wing-max-l\/","og_locale":"fr_FR","og_type":"article","og_title":"WING MAX L - Elix Funboard","og_description":"L\u00c0 O\u00d9 L&rsquo;ON NE L&rsquo;ATTEND PAS Tr\u00e8s r\u00e9cemment mise en production, la Max suscite chaque jour un vif int\u00e9r\u00eat. Vous l\u2019avez d\u00e9couverte aux pieds de Benjamin Tillier qui la surnomme \u00ab\u00a0le mouton \u00e0 5 pattes\u00a0\u00bb. Difficile de mettre ce shape dans une case\u00a0: La Max vous donne acc\u00e8s \u00e0 la pratique du sup, du sup-foil, [&hellip;]","og_url":"https:\/\/www.elix-funboard.com\/index.php\/produit\/wing-max-l\/","og_site_name":"Elix Funboard","article_publisher":"https:\/\/fr-fr.facebook.com\/Elix-funboard-616040088418393\/","article_modified_time":"2023-05-14T12:13:08+00:00","og_image":[{"width":1000,"height":1000,"url":"https:\/\/www.elix-funboard.com\/wp-content\/uploads\/2019\/08\/FW1X-Max-color-pont.png","type":"image\/png"}],"twitter_card":"summary_large_image","twitter_site":"@elixfunboard","twitter_misc":{"Dur\u00e9e de lecture estim\u00e9e":"2 minutes"},"schema":{"@context":"https:\/\/schema.org","@graph":[{"@type":"Organization","@id":"https:\/\/www.elix-funboard.com\/#organization","name":"Elix Funboard","url":"https:\/\/www.elix-funboard.com\/","sameAs":["https:\/\/fr-fr.facebook.com\/Elix-funboard-616040088418393\/","https:\/\/www.instagram.com\/elixfunboard\/","https:\/\/twitter.com\/elixfunboard"],"logo":{"@type":"ImageObject","@id":"https:\/\/www.elix-funboard.com\/#logo","inLanguage":"fr-FR","url":"https:\/\/www.elix-funboard.com\/wp-content\/uploads\/2019\/10\/logo-gaulois-top.png","contentUrl":"https:\/\/www.elix-funboard.com\/wp-content\/uploads\/2019\/10\/logo-gaulois-top.png","width":340,"height":156,"caption":"Elix Funboard"},"image":{"@id":"https:\/\/www.elix-funboard.com\/#logo"}},{"@type":"WebSite","@id":"https:\/\/www.elix-funboard.com\/#website","url":"https:\/\/www.elix-funboard.com\/","name":"Elix Funboard","description":"","publisher":{"@id":"https:\/\/www.elix-funboard.com\/#organization"},"potentialAction":[{"@type":"SearchAction","target":{"@type":"EntryPoint","urlTemplate":"https:\/\/www.elix-funboard.com\/?s={search_term_string}"},"query-input":"required name=search_term_string"}],"inLanguage":"fr-FR"},{"@type":"ImageObject","@id":"https:\/\/www.elix-funboard.com\/index.php\/produit\/wing-max-l\/#primaryimage","inLanguage":"fr-FR","url":"https:\/\/www.elix-funboard.com\/wp-content\/uploads\/2019\/08\/FW1X-Max-color-pont.png","contentUrl":"https:\/\/www.elix-funboard.com\/wp-content\/uploads\/2019\/08\/FW1X-Max-color-pont.png","width":1000,"height":1000},{"@type":"WebPage","@id":"https:\/\/www.elix-funboard.com\/index.php\/produit\/wing-max-l\/#webpage","url":"https:\/\/www.elix-funboard.com\/index.php\/produit\/wing-max-l\/","name":"WING MAX L - Elix Funboard","isPartOf":{"@id":"https:\/\/www.elix-funboard.com\/#website"},"primaryImageOfPage":{"@id":"https:\/\/www.elix-funboard.com\/index.php\/produit\/wing-max-l\/#primaryimage"},"datePublished":"2019-08-16T12:13:32+00:00","dateModified":"2023-05-14T12:13:08+00:00","breadcrumb":{"@id":"https:\/\/www.elix-funboard.com\/index.php\/produit\/wing-max-l\/#breadcrumb"},"inLanguage":"fr-FR","potentialAction":[{"@type":"ReadAction","target":["https:\/\/www.elix-funboard.com\/index.php\/produit\/wing-max-l\/"]}]},{"@type":"BreadcrumbList","@id":"https:\/\/www.elix-funboard.com\/index.php\/produit\/wing-max-l\/#breadcrumb","itemListElement":[{"@type":"ListItem","position":1,"name":"Accueil","item":"https:\/\/www.elix-funboard.com\/index.php\/windsurf\/"},{"@type":"ListItem","position":2,"name":"Accueil","item":"https:\/\/www.elix-funboard.com\/index.php\/windsurf\/"},{"@type":"ListItem","position":3,"name":"WING MAX L"}]}]}},"_links":{"self":[{"href":"https:\/\/www.elix-funboard.com\/index.php\/wp-json\/wp\/v2\/product\/790"}],"collection":[{"href":"https:\/\/www.elix-funboard.com\/index.php\/wp-json\/wp\/v2\/product"}],"about":[{"href":"https:\/\/www.elix-funboard.com\/index.php\/wp-json\/wp\/v2\/types\/product"}],"wp:featuredmedia":[{"embeddable":true,"href":"https:\/\/www.elix-funboard.com\/index.php\/wp-json\/wp\/v2\/media\/821"}],"wp:attachment":[{"href":"https:\/\/www.elix-funboard.com\/index.php\/wp-json\/wp\/v2\/media?parent=790"}],"wp:term":[{"taxonomy":"product_cat","embeddable":true,"href":"https:\/\/www.elix-funboard.com\/index.php\/wp-json\/wp\/v2\/product_cat?post=790"},{"taxonomy":"product_tag","embeddable":true,"href":"https:\/\/www.elix-funboard.com\/index.php\/wp-json\/wp\/v2\/product_tag?post=790"}],"curies":[{"name":"wp","href":"https:\/\/api.w.org\/{rel}","templated":true}]}}