{"id":814,"date":"2019-08-16T15:12:25","date_gmt":"2019-08-16T13:12:25","guid":{"rendered":"https:\/\/www.elix-funboard.com\/?post_type=product&#038;p=814"},"modified":"2021-10-16T17:10:10","modified_gmt":"2021-10-16T15:10:10","slug":"f1x-m","status":"publish","type":"product","link":"https:\/\/www.elix-funboard.com\/index.php\/produit\/f1x-m\/","title":{"rendered":"F1X \u2013 M"},"content":{"rendered":"<div id=\"tab-details\" class=\"wpb_tab ui-tabs-panel wpb_ui-tabs-hide clearfix\" data-tab-icon=\"\">\n<h2><strong>BEST SELLER<em><br \/>\n<\/em><\/strong><\/h2>\n<p>D\u00e8s sa mise en production, ce flotteur a connu un grand succ\u00e8s.Une fois que vous avez test\u00e9 une F1X, difficile de revenir sur un flotteur conventionnel.<\/p>\n<p>L\u2019ergonomie est v\u00e9ritablement nouvelle avec un plan de pont \u00e0 la fois doux et efficace.<\/p>\n<p>Vous contr\u00f4lez votre foil sans le subir et vous l\u2019oubliez m\u00eame rapidement pour laisser place \u00e0 une navigation pure.<\/p>\n<p>La F1X-M reste \u00e0 ce jour une r\u00e9f\u00e9rence. La nouvelle car\u00e8ne am\u00e9liore encore l\u2019envole dans les petis air sans compromettre la tenue dans le vent soutenu.<\/p>\n<p>La r\u00e9cente jauge de course permet aux plus jeunes de l\u2019utiliser en comp\u00e9tition et de prendre une longueur d\u2019avance.<\/p>\n<div  class='hr hr-short hr-left   avia-builder-el-0  el_before_av_hr  avia-builder-el-first  '><span class='hr-inner ' ><span class='hr-inner-style'><\/span><\/span><\/div>\n<p>Longueur: <strong>217 cm<br \/>\n<\/strong>Largeur Max: <strong>82 cm<br \/>\n<\/strong>\u00c9paisseur Max<strong>: 12,1 cm<br \/>\n<\/strong>Largeur OFO: <strong>70 cm<br \/>\n<\/strong>Volume: <strong>129 L<br \/>\n<\/strong>Poids (FN):\u00a0 <strong>7,5 kg<br \/>\n<\/strong>Box disponible: <strong>\u00a0Deeptuttle\u00a0<\/strong><\/p>\n<div  class='hr hr-short hr-left   avia-builder-el-1  el_after_av_hr  avia-builder-el-last  '><span class='hr-inner ' ><span class='hr-inner-style'><\/span><\/span><\/div>\n<\/div>\n<h4><strong><span style=\"color: #ff0000;\">Inclus \/ Included<\/span><\/strong><\/h4>\n<p>\u2013 4 Straps DAKINE Primo<\/p>\n<h4><span style=\"color: #ff0000;\">Non inclus ! \/ Not included !<br \/>\n<\/span><\/h4>\n<p>\u2013 Select Pro foil F1<\/p>\n<p><a href=\"http:\/\/www.select-hydrofoils.com\/\" target=\"_blank\" rel=\"noopener noreferrer\"><img loading=\"lazy\" class=\"alignnone size-full wp-image-768\" src=\"https:\/\/www.elix-funboard.com\/wp-content\/uploads\/2019\/08\/select-logo.png\" alt=\"\" width=\"150\" height=\"60\" \/><\/a><\/p>\n","protected":false},"excerpt":{"rendered":"<p>BEST SELLER D\u00e8s sa mise en production, ce flotteur a connu un grand succ\u00e8s.Une fois que vous avez test\u00e9 une F1X, difficile de revenir sur un flotteur conventionnel. L\u2019ergonomie est v\u00e9ritablement nouvelle avec un plan de pont \u00e0 la fois doux et efficace. Vous contr\u00f4lez votre foil sans le subir et vous l\u2019oubliez m\u00eame rapidement [&hellip;]<\/p>\n","protected":false},"featured_media":815,"template":"","meta":[],"product_cat":[36],"product_tag":[],"yoast_head":"<!-- This site is optimized with the Yoast SEO plugin v17.3 - https:\/\/yoast.com\/wordpress\/plugins\/seo\/ -->\n<title>F1X \u2013 M - Elix Funboard<\/title>\n<meta name=\"robots\" content=\"index, follow, max-snippet:-1, max-image-preview:large, max-video-preview:-1\" \/>\n<link rel=\"canonical\" href=\"https:\/\/www.elix-funboard.com\/index.php\/produit\/f1x-m\/\" \/>\n<meta property=\"og:locale\" content=\"fr_FR\" \/>\n<meta property=\"og:type\" content=\"article\" \/>\n<meta property=\"og:title\" content=\"F1X \u2013 M - Elix Funboard\" \/>\n<meta property=\"og:description\" content=\"BEST SELLER D\u00e8s sa mise en production, ce flotteur a connu un grand succ\u00e8s.Une fois que vous avez test\u00e9 une F1X, difficile de revenir sur un flotteur conventionnel. L\u2019ergonomie est v\u00e9ritablement nouvelle avec un plan de pont \u00e0 la fois doux et efficace. Vous contr\u00f4lez votre foil sans le subir et vous l\u2019oubliez m\u00eame rapidement [&hellip;]\" \/>\n<meta property=\"og:url\" content=\"https:\/\/www.elix-funboard.com\/index.php\/produit\/f1x-m\/\" \/>\n<meta property=\"og:site_name\" content=\"Elix Funboard\" \/>\n<meta property=\"article:publisher\" content=\"https:\/\/fr-fr.facebook.com\/Elix-funboard-616040088418393\/\" \/>\n<meta property=\"article:modified_time\" content=\"2021-10-16T15:10:10+00:00\" \/>\n<meta property=\"og:image\" content=\"https:\/\/www.elix-funboard.com\/wp-content\/uploads\/2019\/08\/Elix-F1X-MV2-pont.png\" \/>\n\t<meta property=\"og:image:width\" content=\"1000\" \/>\n\t<meta property=\"og:image:height\" content=\"1000\" \/>\n<meta name=\"twitter:card\" content=\"summary_large_image\" \/>\n<meta name=\"twitter:site\" content=\"@elixfunboard\" \/>\n<meta name=\"twitter:label1\" content=\"Dur\u00e9e de lecture estim\u00e9e\" \/>\n\t<meta name=\"twitter:data1\" content=\"1 minute\" \/>\n<script type=\"application\/ld+json\" class=\"yoast-schema-graph\">{\"@context\":\"https:\/\/schema.org\",\"@graph\":[{\"@type\":\"Organization\",\"@id\":\"https:\/\/www.elix-funboard.com\/#organization\",\"name\":\"Elix Funboard\",\"url\":\"https:\/\/www.elix-funboard.com\/\",\"sameAs\":[\"https:\/\/fr-fr.facebook.com\/Elix-funboard-616040088418393\/\",\"https:\/\/www.instagram.com\/elixfunboard\/\",\"https:\/\/twitter.com\/elixfunboard\"],\"logo\":{\"@type\":\"ImageObject\",\"@id\":\"https:\/\/www.elix-funboard.com\/#logo\",\"inLanguage\":\"fr-FR\",\"url\":\"https:\/\/www.elix-funboard.com\/wp-content\/uploads\/2019\/10\/logo-gaulois-top.png\",\"contentUrl\":\"https:\/\/www.elix-funboard.com\/wp-content\/uploads\/2019\/10\/logo-gaulois-top.png\",\"width\":340,\"height\":156,\"caption\":\"Elix Funboard\"},\"image\":{\"@id\":\"https:\/\/www.elix-funboard.com\/#logo\"}},{\"@type\":\"WebSite\",\"@id\":\"https:\/\/www.elix-funboard.com\/#website\",\"url\":\"https:\/\/www.elix-funboard.com\/\",\"name\":\"Elix Funboard\",\"description\":\"\",\"publisher\":{\"@id\":\"https:\/\/www.elix-funboard.com\/#organization\"},\"potentialAction\":[{\"@type\":\"SearchAction\",\"target\":{\"@type\":\"EntryPoint\",\"urlTemplate\":\"https:\/\/www.elix-funboard.com\/?s={search_term_string}\"},\"query-input\":\"required name=search_term_string\"}],\"inLanguage\":\"fr-FR\"},{\"@type\":\"ImageObject\",\"@id\":\"https:\/\/www.elix-funboard.com\/index.php\/produit\/f1x-m\/#primaryimage\",\"inLanguage\":\"fr-FR\",\"url\":\"https:\/\/www.elix-funboard.com\/wp-content\/uploads\/2019\/08\/Elix-F1X-MV2-pont.png\",\"contentUrl\":\"https:\/\/www.elix-funboard.com\/wp-content\/uploads\/2019\/08\/Elix-F1X-MV2-pont.png\",\"width\":1000,\"height\":1000},{\"@type\":\"WebPage\",\"@id\":\"https:\/\/www.elix-funboard.com\/index.php\/produit\/f1x-m\/#webpage\",\"url\":\"https:\/\/www.elix-funboard.com\/index.php\/produit\/f1x-m\/\",\"name\":\"F1X \\u2013 M - Elix Funboard\",\"isPartOf\":{\"@id\":\"https:\/\/www.elix-funboard.com\/#website\"},\"primaryImageOfPage\":{\"@id\":\"https:\/\/www.elix-funboard.com\/index.php\/produit\/f1x-m\/#primaryimage\"},\"datePublished\":\"2019-08-16T13:12:25+00:00\",\"dateModified\":\"2021-10-16T15:10:10+00:00\",\"breadcrumb\":{\"@id\":\"https:\/\/www.elix-funboard.com\/index.php\/produit\/f1x-m\/#breadcrumb\"},\"inLanguage\":\"fr-FR\",\"potentialAction\":[{\"@type\":\"ReadAction\",\"target\":[\"https:\/\/www.elix-funboard.com\/index.php\/produit\/f1x-m\/\"]}]},{\"@type\":\"BreadcrumbList\",\"@id\":\"https:\/\/www.elix-funboard.com\/index.php\/produit\/f1x-m\/#breadcrumb\",\"itemListElement\":[{\"@type\":\"ListItem\",\"position\":1,\"name\":\"Accueil\",\"item\":\"https:\/\/www.elix-funboard.com\/index.php\/windsurf\/\"},{\"@type\":\"ListItem\",\"position\":2,\"name\":\"Accueil\",\"item\":\"https:\/\/www.elix-funboard.com\/index.php\/windsurf\/\"},{\"@type\":\"ListItem\",\"position\":3,\"name\":\"F1X \\u2013 M\"}]}]}<\/script>\n<!-- \/ Yoast SEO plugin. -->","yoast_head_json":{"title":"F1X \u2013 M - Elix Funboard","robots":{"index":"index","follow":"follow","max-snippet":"max-snippet:-1","max-image-preview":"max-image-preview:large","max-video-preview":"max-video-preview:-1"},"canonical":"https:\/\/www.elix-funboard.com\/index.php\/produit\/f1x-m\/","og_locale":"fr_FR","og_type":"article","og_title":"F1X \u2013 M - Elix Funboard","og_description":"BEST SELLER D\u00e8s sa mise en production, ce flotteur a connu un grand succ\u00e8s.Une fois que vous avez test\u00e9 une F1X, difficile de revenir sur un flotteur conventionnel. L\u2019ergonomie est v\u00e9ritablement nouvelle avec un plan de pont \u00e0 la fois doux et efficace. Vous contr\u00f4lez votre foil sans le subir et vous l\u2019oubliez m\u00eame rapidement [&hellip;]","og_url":"https:\/\/www.elix-funboard.com\/index.php\/produit\/f1x-m\/","og_site_name":"Elix Funboard","article_publisher":"https:\/\/fr-fr.facebook.com\/Elix-funboard-616040088418393\/","article_modified_time":"2021-10-16T15:10:10+00:00","og_image":[{"width":1000,"height":1000,"url":"https:\/\/www.elix-funboard.com\/wp-content\/uploads\/2019\/08\/Elix-F1X-MV2-pont.png","type":"image\/png"}],"twitter_card":"summary_large_image","twitter_site":"@elixfunboard","twitter_misc":{"Dur\u00e9e de lecture estim\u00e9e":"1 minute"},"schema":{"@context":"https:\/\/schema.org","@graph":[{"@type":"Organization","@id":"https:\/\/www.elix-funboard.com\/#organization","name":"Elix Funboard","url":"https:\/\/www.elix-funboard.com\/","sameAs":["https:\/\/fr-fr.facebook.com\/Elix-funboard-616040088418393\/","https:\/\/www.instagram.com\/elixfunboard\/","https:\/\/twitter.com\/elixfunboard"],"logo":{"@type":"ImageObject","@id":"https:\/\/www.elix-funboard.com\/#logo","inLanguage":"fr-FR","url":"https:\/\/www.elix-funboard.com\/wp-content\/uploads\/2019\/10\/logo-gaulois-top.png","contentUrl":"https:\/\/www.elix-funboard.com\/wp-content\/uploads\/2019\/10\/logo-gaulois-top.png","width":340,"height":156,"caption":"Elix Funboard"},"image":{"@id":"https:\/\/www.elix-funboard.com\/#logo"}},{"@type":"WebSite","@id":"https:\/\/www.elix-funboard.com\/#website","url":"https:\/\/www.elix-funboard.com\/","name":"Elix Funboard","description":"","publisher":{"@id":"https:\/\/www.elix-funboard.com\/#organization"},"potentialAction":[{"@type":"SearchAction","target":{"@type":"EntryPoint","urlTemplate":"https:\/\/www.elix-funboard.com\/?s={search_term_string}"},"query-input":"required name=search_term_string"}],"inLanguage":"fr-FR"},{"@type":"ImageObject","@id":"https:\/\/www.elix-funboard.com\/index.php\/produit\/f1x-m\/#primaryimage","inLanguage":"fr-FR","url":"https:\/\/www.elix-funboard.com\/wp-content\/uploads\/2019\/08\/Elix-F1X-MV2-pont.png","contentUrl":"https:\/\/www.elix-funboard.com\/wp-content\/uploads\/2019\/08\/Elix-F1X-MV2-pont.png","width":1000,"height":1000},{"@type":"WebPage","@id":"https:\/\/www.elix-funboard.com\/index.php\/produit\/f1x-m\/#webpage","url":"https:\/\/www.elix-funboard.com\/index.php\/produit\/f1x-m\/","name":"F1X \u2013 M - Elix Funboard","isPartOf":{"@id":"https:\/\/www.elix-funboard.com\/#website"},"primaryImageOfPage":{"@id":"https:\/\/www.elix-funboard.com\/index.php\/produit\/f1x-m\/#primaryimage"},"datePublished":"2019-08-16T13:12:25+00:00","dateModified":"2021-10-16T15:10:10+00:00","breadcrumb":{"@id":"https:\/\/www.elix-funboard.com\/index.php\/produit\/f1x-m\/#breadcrumb"},"inLanguage":"fr-FR","potentialAction":[{"@type":"ReadAction","target":["https:\/\/www.elix-funboard.com\/index.php\/produit\/f1x-m\/"]}]},{"@type":"BreadcrumbList","@id":"https:\/\/www.elix-funboard.com\/index.php\/produit\/f1x-m\/#breadcrumb","itemListElement":[{"@type":"ListItem","position":1,"name":"Accueil","item":"https:\/\/www.elix-funboard.com\/index.php\/windsurf\/"},{"@type":"ListItem","position":2,"name":"Accueil","item":"https:\/\/www.elix-funboard.com\/index.php\/windsurf\/"},{"@type":"ListItem","position":3,"name":"F1X \u2013 M"}]}]}},"_links":{"self":[{"href":"https:\/\/www.elix-funboard.com\/index.php\/wp-json\/wp\/v2\/product\/814"}],"collection":[{"href":"https:\/\/www.elix-funboard.com\/index.php\/wp-json\/wp\/v2\/product"}],"about":[{"href":"https:\/\/www.elix-funboard.com\/index.php\/wp-json\/wp\/v2\/types\/product"}],"wp:featuredmedia":[{"embeddable":true,"href":"https:\/\/www.elix-funboard.com\/index.php\/wp-json\/wp\/v2\/media\/815"}],"wp:attachment":[{"href":"https:\/\/www.elix-funboard.com\/index.php\/wp-json\/wp\/v2\/media?parent=814"}],"wp:term":[{"taxonomy":"product_cat","embeddable":true,"href":"https:\/\/www.elix-funboard.com\/index.php\/wp-json\/wp\/v2\/product_cat?post=814"},{"taxonomy":"product_tag","embeddable":true,"href":"https:\/\/www.elix-funboard.com\/index.php\/wp-json\/wp\/v2\/product_tag?post=814"}],"curies":[{"name":"wp","href":"https:\/\/api.w.org\/{rel}","templated":true}]}}